{"id":33761,"date":"2019-10-03T14:25:11","date_gmt":"2019-10-03T12:25:11","guid":{"rendered":"https:\/\/www.les-faunes.ch\/roses\/"},"modified":"2019-12-02T17:10:20","modified_gmt":"2019-12-02T16:10:20","slug":"roses","status":"publish","type":"page","link":"https:\/\/www.les-faunes.ch\/de\/roses\/","title":{"rendered":"Ros\u00e9s"},"content":{"rendered":"<p>[et_pb_section fb_built=&#8220;1&#8243; fullwidth=&#8220;on&#8220; _builder_version=&#8220;3.29.1&#8243; background_image=&#8220;https:\/\/www.les-faunes.ch\/wp-content\/uploads\/2019\/09\/vin-rose-verres-square.jpg&#8220;][et_pb_fullwidth_post_title meta=&#8220;off&#8220; featured_image=&#8220;off&#8220; text_color=&#8220;light&#8220; _builder_version=&#8220;3.29.1&#8243; title_font=&#8220;Brandon Bold|||on|||||&#8220; title_font_size=&#8220;40px&#8220; custom_margin=&#8220;||||false|false&#8220; custom_padding=&#8220;||20px||false|false&#8220;][\/et_pb_fullwidth_post_title][\/et_pb_section][et_pb_section fb_built=&#8220;1&#8243; _builder_version=&#8220;4.0.1&#8243; custom_padding=&#8220;20px||3px||false|false&#8220;][et_pb_row _builder_version=&#8220;3.29.3&#8243;][et_pb_column type=&#8220;4_4&#8243; _builder_version=&#8220;3.29.3&#8243;][et_pb_text admin_label=&#8220;Titre qu&#8217;est-ce qu&#8217;un vin ros\u00e9&#8220; _builder_version=&#8220;4.0.6&#8243; text_font=&#8220;Brandon Med|||on|||||&#8220; text_text_color=&#8220;#c89e5a&#8220; text_font_size=&#8220;27px&#8220; hover_enabled=&#8220;0&#8243; text_line_height=&#8220;1.3em&#8220;]Qu&#8217;est-ce qu&#8217;un vin ros\u00e9 ?[\/et_pb_text][et_pb_text _builder_version=&#8220;3.29.3&#8243; custom_padding=&#8220;20px|||||&#8220;]La question nous est souvent pos\u00e9e : un ros\u00e9, c&#8217;est un c\u00e9page rouge ou blanc ?<\/p>\n<p>Le fait est que le vin ros\u00e9 est exclusivement vinifi\u00e9 \u00e0 partir de raisins rouge. Pour preuve, nos deux ros\u00e9s sont issus du Gamay ou du Pinot Noir. Vous pouvez \u00e9galement trouver parfois des ros\u00e9s de Gamaret ou de Syrah.<\/p>\n<p>La couleur est obtenue par une courte mac\u00e9ration de la peau des raisins avec le jus. Une mac\u00e9ration plus longue m\u00e8nerait \u00e0 un vin rouge, simplement.<\/p>\n<p>Ces mac\u00e9rations courtes, permettent d&#8217;obtenir des vins plus ou moins teint\u00e9s selon le temps de cuvage. Court = clair ; long = fonc\u00e9.[\/et_pb_text][\/et_pb_column][\/et_pb_row][\/et_pb_section][et_pb_section fb_built=&#8220;1&#8243; _builder_version=&#8220;3.29.1&#8243; custom_padding=&#8220;30px|||||&#8220; collapsed=&#8220;off&#8220;][et_pb_row column_structure=&#8220;1_2,1_2&#8243; admin_label=&#8220;Ros\u00e9 de Gamay &#8211; gauche&#8220; _builder_version=&#8220;3.29.3&#8243; locked=&#8220;off&#8220; collapsed=&#8220;off&#8220;][et_pb_column type=&#8220;1_2&#8243; _builder_version=&#8220;3.29.3&#8243;][et_pb_wc_images product=&#8220;62&#8243; show_product_gallery=&#8220;off&#8220; _builder_version=&#8220;3.29.3&#8243; max_width=&#8220;50%&#8220; max_width_tablet=&#8220;71%&#8220; max_width_phone=&#8220;91%&#8220; max_width_last_edited=&#8220;on|tablet&#8220; module_alignment=&#8220;right&#8220; module_alignment_tablet=&#8220;center&#8220; module_alignment_phone=&#8220;&#8220; module_alignment_last_edited=&#8220;on|tablet&#8220;][\/et_pb_wc_images][\/et_pb_column][et_pb_column type=&#8220;1_2&#8243; _builder_version=&#8220;3.29.3&#8243;][et_pb_wc_title product=&#8220;62&#8243; _builder_version=&#8220;4.0.1&#8243; header_font=&#8220;Brandon Bold|||on|||||&#8220; header_text_color=&#8220;#c89e5a&#8220; header_font_size=&#8220;33px&#8220; custom_margin=&#8220;||16px|||&#8220;][\/et_pb_wc_title][et_pb_text _builder_version=&#8220;3.29.3&#8243; custom_margin=&#8220;20px||||false|false&#8220; button_alignment_last_edited=&#8220;on|tablet&#8220; button_alignment_tablet=&#8220;left&#8220; button_text_color__hover=&#8220;#c89e5a&#8220; button_text_color__hover_enabled=&#8220;on|desktop&#8220; button_icon_color__hover=&#8220;#e09900&#8243; button_icon_color__hover_enabled=&#8220;on|hover&#8220;]<\/p>\n<p class=\"p1\"><span class=\"s1\">Le Ros\u00e9 de Gamay wird aus der Rebsorte Gamay gewonnen. Die Weinbereitung gibt\u00a0<\/span><span class=\"s1\">ihm die rosa Farbe und die frischeren Aromen als die des Rotweins.\u00a0<\/span><span class=\"s1\">Er wird nach der Saign\u00e9e-Methode hergestellt : Aus dem G\u00e4rbeh\u00e4lter von Rotwein\u00a0<\/span><span class=\"s1\">werden nach einigen Stunden Most ohne Pressung abgezogen und anschliessend\u00a0<\/span><span class=\"s1\">als Ros\u00e9wein vinifiziert. Der Kontakt mit den Beerenh\u00e4uten gibt dem Ros\u00e9wein\u00a0<\/span><span class=\"s1\">seine Farbe.<\/span><\/p>\n<p class=\"p1\"><span class=\"s1\"><strong>Charakter :<br \/>\n<\/strong><\/span><span class=\"s1\">Olfaktorisch : frisch und fruchtig, Duftnoten von roten Beeren, vor allem Erdbeeren\u00a0<\/span>werden wahrgenommen.<br \/>\n<span class=\"s1\">Gustativ : Das Bouquet besticht f\u00fcllig und harmonisch. Am Gaumen bietet dieser Wein\u00a0<\/span><span class=\"s1\">eine sch\u00f6ne S\u00fcsse, die eine erh\u00f6hte Geschmacksintensit\u00e4t und einen langen Abgang\u00a0<\/span><span class=\"s1\">hinterl\u00e4sst.<\/span><\/p>\n<p class=\"p1\"><span class=\"s1\"><strong>Passend zu\u2026 :<br \/>\n<\/strong><\/span><span class=\"s1\">Leicht und erfrischend : der ideale Aperitifwein im Sommer e<\/span><span class=\"s1\">ignet sich zudem vorz\u00fcglich zu Grilladen.<\/span><\/p>\n<p>[\/et_pb_text][et_pb_button button_url=&#8220;@ET-DC@eyJkeW5hbWljIjp0cnVlLCJjb250ZW50IjoicG9zdF9saW5rX3VybF9wcm9kdWN0Iiwic2V0dGluZ3MiOnsicG9zdF9pZCI6IjYyIn19@&#8220; button_text=&#8220;D\u00e9tails&#8220; _builder_version=&#8220;4.0.5&#8243; _dynamic_attributes=&#8220;button_url&#8220; button_text_size=&#8220;18&#8243; button_font=&#8220;|||on|||||&#8220; button_on_hover=&#8220;off&#8220; custom_margin=&#8220;20px||||false|false&#8220; button_text_color__hover=&#8220;#c89e5a&#8220; button_text_color__hover_enabled=&#8220;on|desktop&#8220; button_icon_color__hover=&#8220;#e09900&#8243; button_icon_color__hover_enabled=&#8220;on|hover&#8220;][\/et_pb_button][\/et_pb_column][\/et_pb_row][et_pb_row admin_label=&#8220;S\u00e9parateur&#8220; _builder_version=&#8220;3.29.3&#8243; locked=&#8220;off&#8220; collapsed=&#8220;on&#8220;][et_pb_column type=&#8220;4_4&#8243; _builder_version=&#8220;3.29.1&#8243;][et_pb_image src=&#8220;https:\/\/www.les-faunes.ch\/wp-content\/uploads\/2019\/10\/separateur.png&#8220; align=&#8220;center&#8220; admin_label=&#8220;Image s\u00e9parateur&#8220; _builder_version=&#8220;3.29.3&#8243;][\/et_pb_image][\/et_pb_column][\/et_pb_row][et_pb_row column_structure=&#8220;1_2,1_2&#8243; admin_label=&#8220;Ros\u00e9 de Pinot &#8211; droite&#8220; module_class=&#8220;custom_row&#8220; _builder_version=&#8220;3.29.3&#8243; locked=&#8220;off&#8220; collapsed=&#8220;off&#8220;][et_pb_column type=&#8220;1_2&#8243; module_class=&#8220;second-on-mobile&#8220; admin_label=&#8220;Colonne description&#8220; _builder_version=&#8220;3.29.3&#8243;][et_pb_wc_title product=&#8220;72&#8243; _builder_version=&#8220;4.0.6&#8243; header_font=&#8220;Brandon Bold|||on|||||&#8220; header_text_align=&#8220;right&#8220; header_text_color=&#8220;#c89e5a&#8220; header_font_size=&#8220;33px&#8220; custom_margin=&#8220;||16px|||&#8220; header_text_align_tablet=&#8220;left&#8220; header_text_align_phone=&#8220;&#8220; header_text_align_last_edited=&#8220;on|tablet&#8220;][\/et_pb_wc_title][et_pb_text _builder_version=&#8220;3.29.3&#8243; text_orientation=&#8220;right&#8220; text_orientation_tablet=&#8220;left&#8220; text_orientation_phone=&#8220;&#8220; text_orientation_last_edited=&#8220;on|phone&#8220;]<\/p>\n<p class=\"p1\"><span class=\"s1\">Der Pinot Noir wird seit langer Zeit im Burgund angebaut. Dieser weltber\u00fchmte und\u00a0<\/span><span class=\"s1\">qualitativ sehr hochwertige franz\u00f6sische Wein gedeiht auch im Genfer Klima sehr\u00a0<\/span>gut. Seit mehr als 30 Jahren stellen wir den Ros\u00e9 in unserem Weinkeller her.<\/p>\n<p class=\"p1\"><span class=\"s1\">Der Ros\u00e9 de Pinot Noir ist eleganter und feiner strukturiert als der Ros\u00e9 de Gamay\u00a0<\/span><span class=\"s1\">und wird eher als Wein zum Essen aufgetischt. Er kann das ganze Jahr \u00fcber genossen\u00a0<\/span><span class=\"s1\">werden.<\/span><\/p>\n<p class=\"p1\"><span class=\"s1\"><strong>Charakter :<br \/>\n<\/strong><\/span>Duft nach weissen Blumen, Johannisbeeren und leichte Ananasnoten.<br \/>\n<span class=\"s1\">Im Geschmack lebendiger als der Ros\u00e9 de Gamay, fein strukturiert,\u00a0<\/span><span class=\"s1\">der ideale Begleiter zum Essen.<\/span><\/p>\n<p class=\"p1\"><span class=\"s1\"><strong>Passend zu\u2026 :<br \/>\n<\/strong><\/span><span class=\"s1\">Asiatischer oder w\u00fcrziger K\u00fcche, Sushis<\/span><\/p>\n<p>[\/et_pb_text][et_pb_button button_url=&#8220;@ET-DC@eyJkeW5hbWljIjp0cnVlLCJjb250ZW50IjoicG9zdF9saW5rX3VybF9wcm9kdWN0Iiwic2V0dGluZ3MiOnsicG9zdF9pZCI6IjcyIn19@&#8220; button_text=&#8220;D\u00e9tails&#8220; button_alignment=&#8220;right&#8220; button_alignment_tablet=&#8220;left&#8220; button_alignment_phone=&#8220;&#8220; button_alignment_last_edited=&#8220;on|tablet&#8220; _builder_version=&#8220;4.0.5&#8243; _dynamic_attributes=&#8220;button_url&#8220; button_text_size=&#8220;18&#8243; button_font=&#8220;|||on|||||&#8220; button_on_hover=&#8220;off&#8220; custom_margin=&#8220;20px||||false|false&#8220; button_text_color__hover=&#8220;#c89e5a&#8220; button_text_color__hover_enabled=&#8220;on|desktop&#8220; button_icon_color__hover=&#8220;#e09900&#8243; button_icon_color__hover_enabled=&#8220;on|hover&#8220;][\/et_pb_button][\/et_pb_column][et_pb_column type=&#8220;1_2&#8243; module_class=&#8220;first-on-mobile&#8220; admin_label=&#8220;Colonne image&#8220; _builder_version=&#8220;3.29.3&#8243;][et_pb_wc_images product=&#8220;72&#8243; _builder_version=&#8220;3.29.3&#8243; max_width=&#8220;50%&#8220; max_width_tablet=&#8220;71%&#8220; max_width_phone=&#8220;91%&#8220; max_width_last_edited=&#8220;on|tablet&#8220; module_alignment=&#8220;left&#8220; module_alignment_tablet=&#8220;center&#8220; module_alignment_phone=&#8220;&#8220; module_alignment_last_edited=&#8220;on|tablet&#8220;][\/et_pb_wc_images][\/et_pb_column][\/et_pb_row][\/et_pb_section]<\/p>\n","protected":false},"excerpt":{"rendered":"<p>Qu&#8217;est-ce qu&#8217;un vin ros\u00e9 ?La question nous est souvent pos\u00e9e : un ros\u00e9, c&#8217;est un c\u00e9page rouge ou blanc ? Le fait est que le vin ros\u00e9 est exclusivement vinifi\u00e9 \u00e0 partir de raisins rouge. Pour preuve, nos deux ros\u00e9s sont issus du Gamay ou du Pinot Noir. Vous pouvez \u00e9galement trouver parfois des ros\u00e9s [&hellip;]<\/p>\n","protected":false},"author":1,"featured_media":0,"parent":0,"menu_order":0,"comment_status":"closed","ping_status":"closed","template":"","meta":{"_et_pb_use_builder":"on","_et_pb_old_content":"","_et_gb_content_width":"","footnotes":""},"class_list":["post-33761","page","type-page","status-publish","hentry"],"aioseo_notices":[],"_links":{"self":[{"href":"https:\/\/www.les-faunes.ch\/de\/wp-json\/wp\/v2\/pages\/33761","targetHints":{"allow":["GET"]}}],"collection":[{"href":"https:\/\/www.les-faunes.ch\/de\/wp-json\/wp\/v2\/pages"}],"about":[{"href":"https:\/\/www.les-faunes.ch\/de\/wp-json\/wp\/v2\/types\/page"}],"author":[{"embeddable":true,"href":"https:\/\/www.les-faunes.ch\/de\/wp-json\/wp\/v2\/users\/1"}],"replies":[{"embeddable":true,"href":"https:\/\/www.les-faunes.ch\/de\/wp-json\/wp\/v2\/comments?post=33761"}],"version-history":[{"count":0,"href":"https:\/\/www.les-faunes.ch\/de\/wp-json\/wp\/v2\/pages\/33761\/revisions"}],"wp:attachment":[{"href":"https:\/\/www.les-faunes.ch\/de\/wp-json\/wp\/v2\/media?parent=33761"}],"curies":[{"name":"wp","href":"https:\/\/api.w.org\/{rel}","templated":true}]}}