{"id":575979,"date":"2019-09-25T16:01:38","date_gmt":"2019-09-25T14:01:38","guid":{"rendered":"https:\/\/www.les-faunes.ch\/lieferungen-und-zahlungen-2\/"},"modified":"2025-01-21T15:28:48","modified_gmt":"2025-01-21T14:28:48","slug":"lieferungen-und-zahlungen","status":"publish","type":"page","link":"https:\/\/www.les-faunes.ch\/de\/lieferungen-und-zahlungen\/","title":{"rendered":"Lieferungen und Zahlungen"},"content":{"rendered":"<p>[et_pb_section fb_built=&#8220;1&#8243; _builder_version=&#8220;4.16&#8243; background_image=&#8220;https:\/\/www.les-faunes.ch\/wp-content\/uploads\/2019\/09\/raisins-rouges-1440-dark.jpg&#8220; global_colors_info=&#8220;{}&#8220;][et_pb_row _builder_version=&#8220;4.16&#8243; global_colors_info=&#8220;{}&#8220;][et_pb_column type=&#8220;4_4&#8243; _builder_version=&#8220;4.16&#8243; global_colors_info=&#8220;{}&#8220;][et_pb_text admin_label=&#8220;Titre informations et paiements&#8220; _builder_version=&#8220;4.16&#8243; text_font=&#8220;Brandon Med|||on|||||&#8220; text_text_color=&#8220;#ffffff&#8220; text_font_size=&#8220;38px&#8220; text_line_height=&#8220;1.2em&#8220; global_colors_info=&#8220;{}&#8220;]Liefer- und Zahlungsinformationen[\/et_pb_text][\/et_pb_column][\/et_pb_row][\/et_pb_section][et_pb_section fb_built=&#8220;1&#8243; _builder_version=&#8220;4.16&#8243; custom_padding=&#8220;16px|||||&#8220; global_colors_info=&#8220;{}&#8220;][et_pb_row _builder_version=&#8220;4.16&#8243; width=&#8220;100%&#8220; width_tablet=&#8220;90%&#8220; width_phone=&#8220;90%&#8220; width_last_edited=&#8220;on|desktop&#8220; max_width=&#8220;800px&#8220; module_alignment=&#8220;center&#8220; custom_margin=&#8220;30px|auto||320px|false|false&#8220; global_colors_info=&#8220;{}&#8220;][et_pb_column type=&#8220;4_4&#8243; _builder_version=&#8220;4.16&#8243; global_colors_info=&#8220;{}&#8220;][et_pb_text admin_label=&#8220;Texte livraisons&#8220; _builder_version=&#8220;4.16&#8243; text_font=&#8220;Brandon Bold|||on|||||&#8220; text_font_size=&#8220;29px&#8220; saved_tabs=&#8220;all&#8220; global_colors_info=&#8220;{}&#8220;]<\/p>\n<p>Lieferungen<\/p>\n<p>[\/et_pb_text][et_pb_divider _builder_version=&#8220;4.16&#8243; global_colors_info=&#8220;{}&#8220;][\/et_pb_divider][et_pb_accordion open_toggle_text_color=&#8220;#C89E5A&#8220; admin_label=&#8220;Accord\u00e9on livraisons&#8220; _builder_version=&#8220;4.27.4&#8243; toggle_level=&#8220;h3&#8243; toggle_font=&#8220;Brandon Bold|||on|||||&#8220; toggle_font_size=&#8220;22px&#8220; body_font=&#8220;||||||||&#8220; body_font_size=&#8220;18px&#8220; hover_enabled=&#8220;0&#8243; global_colors_info=&#8220;{}&#8220; sticky_enabled=&#8220;0&#8243;][et_pb_accordion_item title=&#8220;Genf Kanton&#8220; open=&#8220;on&#8220; _builder_version=&#8220;4.27.4&#8243; hover_enabled=&#8220;0&#8243; global_colors_info=&#8220;{}&#8220; sticky_enabled=&#8220;0&#8243;]<\/p>\n<p><strong>Wie?<\/strong><br \/>Von uns.<\/p>\n<p><strong>Zeit:<\/strong><br \/>1-2 Werktage, Lieferungen montags, mittwochs und freitags von 9.00 bis 12.30 Uhr.<\/p>\n<p><strong>Wie viele?<\/strong><br \/>15,00 pauschal bis zu einem Einkauf von 200,00, bei mehr kostenlos.<\/p>\n<p>Sie k\u00f6nnen Ihr Lieferdatum im Validierungsformular Ihrer Bestellung ausw\u00e4hlen. Wenn die Zeitpl\u00e4ne nicht geeignet sind, k\u00f6nnen Sie auch Ihren Zeitplan festlegen.<\/p>\n<p>Sie k\u00f6nnen Ihre Bestellung auch direkt und kostenlos aus dem Keller abholen.<\/p>\n<p>Post oder Fluggesellschaft auch in Genf verf\u00fcgbar, \u00fcberpr\u00fcfen Sie die Tarife unter dem Abschnitt &#8222;Schweiz au\u00dferhalb von Genf&#8220;<\/p>\n<p>[\/et_pb_accordion_item][et_pb_accordion_item title=&#8220;Schweiz ausserhalb von Genf&#8220; _builder_version=&#8220;4.27.4&#8243; hover_enabled=&#8220;0&#8243; global_colors_info=&#8220;{}&#8220; open=&#8220;off&#8220; sticky_enabled=&#8220;0&#8243;]<\/p>\n<p><strong>Wie?<\/strong><br \/>Schweizer Post oder Spediteur (Planzer) nach Auftragsvolumen.<\/p>\n<p><strong>Zeit:<\/strong><br \/>3-5 Werktage, werden Sie per E-Mail \u00fcber den Abgang Ihrer Bestellung und deren Folgebenachrichtigung engst.<\/p>\n<p><strong>Wie viele?<\/strong><\/p>\n<p>Pauschale 20.-.<\/p>\n<p>Ab 300.-; angeboten.<\/p>\n<p>Sie erhalten eine Benachrichtigung vom Spediteur, wenn Ihre Bestellung unser Lager verl\u00e4sst.<\/p>\n<p>[\/et_pb_accordion_item][et_pb_accordion_item title=&#8220;Au\u00dferhalb der Schweiz&#8220; _builder_version=&#8220;4.18.0&#8243; global_colors_info=&#8220;{}&#8220; open=&#8220;off&#8220;]<\/p>\n<p>Lieferungen au\u00dferhalb der Schweiz sind m\u00f6glich, werden aber einer Vorkalkulation der Versandrate unterzogen.<\/p>\n<p>Bitte kontaktieren Sie uns \u00fcber unser Kontaktformular, wir werden Ihnen schnell ein Angebot zusenden.<\/p>\n<p>[\/et_pb_accordion_item][\/et_pb_accordion][et_pb_text admin_label=&#8220;Texte horeca&#8220; _builder_version=&#8220;4.16&#8243; _module_preset=&#8220;e090582c-379b-42a8-9824-4ab836ae4127&#8243; text_font_size=&#8220;18px&#8220; custom_margin=&#8220;||55px|||&#8220; global_colors_info=&#8220;{}&#8220;]Professionelle Kunden-Horeca &#8211; &gt;Kontaktieren Sie uns.[\/et_pb_text][et_pb_text admin_label=&#8220;Texte paiements s\u00e9curis\u00e9s&#8220; _builder_version=&#8220;4.16&#8243; text_font=&#8220;Brandon Bold|||on|||||&#8220; text_font_size=&#8220;29px&#8220; global_colors_info=&#8220;{}&#8220;]<\/p>\n<p>Gesicherte Zahlungen<\/p>\n<p>[\/et_pb_text][et_pb_divider admin_label=&#8220;S\u00e9parateur&#8220; _builder_version=&#8220;4.16&#8243; global_colors_info=&#8220;{}&#8220;][\/et_pb_divider][et_pb_text admin_label=&#8220;Textecontenus paiements s\u00e9curis\u00e9s&#8220; _builder_version=&#8220;4.16&#8243; text_font_size=&#8220;18px&#8220; global_colors_info=&#8220;{}&#8220;]Die gesamte Kommunikation zwischen Ihrem Computer und unserer Website ist durch eine SSL-Verschl\u00fcsselung gesichert.<\/p>\n<p>Alle folgenden Zahlungsmethoden sind verf\u00fcgbar, nachdem Ihr Warenkorb validiert wurde. Sie k\u00f6nnen w\u00e4hlen, wie Sie Ihre Eink\u00e4ufe zu diesem Zeitpunkt bezahlen m\u00f6chten. Die verf\u00fcgbaren Zahlungsmittel sind:[\/et_pb_text][et_pb_accordion _builder_version=&#8220;4.16&#8243; toggle_level=&#8220;h3&#8243; toggle_font=&#8220;Brandon Med|||on|||||&#8220; toggle_font_size=&#8220;19px&#8220; body_font_size=&#8220;18px&#8220; global_colors_info=&#8220;{}&#8220;][et_pb_accordion_item title=&#8220;TWINT&#8220; open=&#8220;on&#8220; _builder_version=&#8220;4.16&#8243; global_colors_info=&#8220;{}&#8220;]<\/p>\n<p><img loading=\"lazy\" decoding=\"async\" class=\"wp-image-575960 alignnone size-medium\" src=\"https:\/\/www.les-faunes.ch\/wp-content\/uploads\/2020\/05\/twint-logo-300x168.png\" alt=\"Logo Twint\" width=\"300\" height=\"168\"><\/p>\n<p>Das Zahlungssystem TWINT wird von den gr\u00f6ssten Schweizer Banken entwickelt.<\/p>\n<p>Sie k\u00f6nnen mit der auf Ihrem Smartphone installierten App bezahlen. Dieses Zahlungsmittel ist sicher und es werden keine Daten an uns \u00fcbermittelt.<\/p>\n<p>[\/et_pb_accordion_item][et_pb_accordion_item title=&#8220;KreditKarten&#8220; _builder_version=&#8220;4.16&#8243; global_colors_info=&#8220;{}&#8220; open=&#8220;off&#8220;]<\/p>\n<div class=\"vc_row wpb_row vc_row-fluid\">\n<div class=\"vc_col-sm-12 wpb_column vc_column_container\">\n<div class=\"wpb_wrapper\">\n<div class=\"vc_separator wpb_content_element vc_separator_align_left vc_el_width_100 vc_sep_color_grey h3\"><img loading=\"lazy\" decoding=\"async\" src=\"https:\/\/www.les-faunes.ch\/wp-content\/uploads\/2019\/12\/VISA-and-mastercard-logo.png\" width=\"200\" height=\"51\" alt=\"\" class=\"wp-image-485777 alignnone size-full\"><\/div>\n<\/div>\n<\/div>\n<\/div>\n<div class=\"vc_row wpb_row vc_row-fluid\">\n<div class=\"vc_col-sm-6 wpb_column vc_column_container\">\n<div class=\"wpb_wrapper\">\n<div class=\"wpb_text_column wpb_content_element \">\n<div class=\"wpb_wrapper\">\n<p>Sie k\u00f6nnen Ihre Eink\u00e4ufe direkt auf unserer Website mit Ihrer Visa- oder Mastercard-Karte bezahlen. Dieser Service wird von einem externen Anbieter betrieben: STRIPE<a href=\"https:\/\/stripe.com\/about\" target=\"_blank\" rel=\"noopener noreferrer\">(https:\/\/stripe.com).<\/a><\/p>\n<p>Dieser Anbieter, der auf der ganzen Welt pr\u00e4sent ist, erm\u00f6glicht es uns, Kreditkartenzahlung sicher und sicher anzubieten.<\/p>\n<\/div>\n<\/div>\n<\/div>\n<\/div>\n<\/div>\n<div class=\"vc_row wpb_row vc_row-fluid\">\n<div class=\"vc_col-sm-12 wpb_column vc_column_container\">\n<div class=\"wpb_wrapper\">\n<div class=\"wpb_text_column wpb_content_element \">\n<div class=\"wpb_wrapper\">\n<p>&nbsp;<\/p>\n<\/div>\n<\/div>\n<\/div>\n<\/div>\n<\/div>\n<p>[\/et_pb_accordion_item][et_pb_accordion_item title=&#8220;PayPal&#8220; _builder_version=&#8220;4.16&#8243; global_colors_info=&#8220;{}&#8220; open=&#8220;off&#8220;]<\/p>\n<p><img loading=\"lazy\" decoding=\"async\" src=\"https:\/\/www.les-faunes.ch\/wp-content\/uploads\/2019\/12\/paypal-logo.png\" width=\"200\" height=\"51\" alt=\"\" class=\"wp-image-485773 alignnone size-full\"><\/p>\n<p>Paypal (paypal.com) ist seit vielen Jahren als Anbieter von Online-Transaktionssammlungen anerkannt. Wenn Sie ein Paypal-Konto haben, k\u00f6nnen Sie es verwenden, um f\u00fcr Ihre Eink\u00e4ufe auf unserer Website zu bezahlen.<\/p>\n<p>[\/et_pb_accordion_item][et_pb_accordion_item title=&#8220;\u00dcberweisung&#8220; _builder_version=&#8220;4.16&#8243; global_colors_info=&#8220;{}&#8220; open=&#8220;off&#8220;]<\/p>\n<div class=\"vc_row wpb_row vc_row-fluid\">\n<div class=\"vc_col-sm-12 wpb_column vc_column_container\">\n<div class=\"wpb_wrapper\">\n<div class=\"vc_separator wpb_content_element vc_separator_align_left vc_el_width_100 vc_sep_color_grey h3\"><\/div>\n<\/div>\n<\/div>\n<\/div>\n<div class=\"vc_row wpb_row vc_row-fluid\">\n<div class=\"vc_col-sm-12 wpb_column vc_column_container\">\n<div class=\"wpb_wrapper\">\n<div class=\"wpb_text_column wpb_content_element \">\n<div class=\"wpb_wrapper\">\n<p>&nbsp;<\/p>\n<\/div>\n<\/div>\n<\/div>\n<\/div>\n<\/div>\n<div class=\"vc_row wpb_row vc_row-fluid\">\n<div class=\"vc_col-sm-12 wpb_column vc_column_container\">\n<div class=\"wpb_wrapper\">\n<div class=\"vc_separator wpb_content_element vc_separator_align_left vc_el_width_100 vc_sep_color_grey h3\"><\/div>\n<\/div>\n<\/div>\n<\/div>\n<div class=\"vc_row wpb_row vc_row-fluid\">\n<div class=\"vc_col-sm-12 wpb_column vc_column_container\">\n<div class=\"wpb_wrapper\">\n<div class=\"wpb_text_column wpb_content_element \">\n<div class=\"wpb_wrapper\">\n<p>Diese Methode entspricht der Zahlung auf Rechnung bei 30 Tagen mit der Differenz, dass Sie keine Rechnung per Post, sondern eine E-Mail mit unseren Bankdaten erhalten.<\/p>\n<p>Sie k\u00f6nnen eine \u00dcberweisung direkt auf unser Konto mit Ihrer Bestellnummer als Zahlungsreferenz vornehmen. Diese Methode spart ein paar Tage im Vergleich zur Papierrechnung.<\/p>\n<p>Hinweis: Bei einer ersten Bestellung beschleunigt die Zahlung per Kreditkarte oder Paypal den Prozess erheblich.<\/p>\n<\/div>\n<\/div>\n<\/div>\n<\/div>\n<\/div>\n<p>[\/et_pb_accordion_item][\/et_pb_accordion][\/et_pb_column][\/et_pb_row][\/et_pb_section]<\/p>\n","protected":false},"excerpt":{"rendered":"<p>Liefer- und ZahlungsinformationenLieferungenWie?Von uns. Zeit:1-2 Werktage, Lieferungen montags, mittwochs und freitags von 9.00 bis 12.30 Uhr. Wie viele?15,00 pauschal bis zu einem Einkauf von 200,00, bei mehr kostenlos. Sie k\u00f6nnen Ihr Lieferdatum im Validierungsformular Ihrer Bestellung ausw\u00e4hlen. Wenn die Zeitpl\u00e4ne nicht geeignet sind, k\u00f6nnen Sie auch Ihren Zeitplan festlegen. Sie k\u00f6nnen Ihre Bestellung auch direkt [&hellip;]<\/p>\n","protected":false},"author":1,"featured_media":0,"parent":0,"menu_order":0,"comment_status":"closed","ping_status":"closed","template":"","meta":{"_et_pb_use_builder":"on","_et_pb_old_content":"","_et_gb_content_width":"","footnotes":""},"class_list":["post-575979","page","type-page","status-publish","hentry"],"aioseo_notices":[],"_links":{"self":[{"href":"https:\/\/www.les-faunes.ch\/de\/wp-json\/wp\/v2\/pages\/575979","targetHints":{"allow":["GET"]}}],"collection":[{"href":"https:\/\/www.les-faunes.ch\/de\/wp-json\/wp\/v2\/pages"}],"about":[{"href":"https:\/\/www.les-faunes.ch\/de\/wp-json\/wp\/v2\/types\/page"}],"author":[{"embeddable":true,"href":"https:\/\/www.les-faunes.ch\/de\/wp-json\/wp\/v2\/users\/1"}],"replies":[{"embeddable":true,"href":"https:\/\/www.les-faunes.ch\/de\/wp-json\/wp\/v2\/comments?post=575979"}],"version-history":[{"count":0,"href":"https:\/\/www.les-faunes.ch\/de\/wp-json\/wp\/v2\/pages\/575979\/revisions"}],"wp:attachment":[{"href":"https:\/\/www.les-faunes.ch\/de\/wp-json\/wp\/v2\/media?parent=575979"}],"curies":[{"name":"wp","href":"https:\/\/api.w.org\/{rel}","templated":true}]}}