{"id":583961,"date":"2019-09-16T13:59:29","date_gmt":"2019-09-16T11:59:29","guid":{"rendered":"https:\/\/www.les-faunes.ch\/kontakt-oeffnungzeiten\/"},"modified":"2026-01-06T09:26:00","modified_gmt":"2026-01-06T08:26:00","slug":"kontakt-oeffnungzeiten","status":"publish","type":"page","link":"https:\/\/www.les-faunes.ch\/de\/kontakt-oeffnungzeiten\/","title":{"rendered":"Kontakt\/\u00d6ffnungzeiten"},"content":{"rendered":"<p>[et_pb_section fb_built=&#8220;1&#8243; _builder_version=&#8220;4.16&#8243; background_color=&#8220;rgba(0,0,0,0.51)&#8220; background_image=&#8220;https:\/\/www.les-faunes.ch\/wp-content\/uploads\/2019\/09\/raisins-rouges-1-e1569052880504.jpg&#8220; background_blend=&#8220;overlay&#8220; global_colors_info=&#8220;{}&#8220;][et_pb_row _builder_version=&#8220;4.16&#8243; global_colors_info=&#8220;{}&#8220;][et_pb_column type=&#8220;4_4&#8243; _builder_version=&#8220;4.16&#8243; global_colors_info=&#8220;{}&#8220;][et_pb_text _builder_version=&#8220;4.24.2&#8243; text_font=&#8220;Brandon Med|||on|||||&#8220; text_text_color=&#8220;#ffffff&#8220; text_font_size=&#8220;38px&#8220; text_line_height=&#8220;1.2em&#8220; global_colors_info=&#8220;{}&#8220;]<\/p>\n<p>Kontakt <\/p>\n<p>[\/et_pb_text][\/et_pb_column][\/et_pb_row][\/et_pb_section][et_pb_section fb_built=&#8220;1&#8243; _builder_version=&#8220;4.16&#8243; global_colors_info=&#8220;{}&#8220;][et_pb_row column_structure=&#8220;1_2,1_2&#8243; _builder_version=&#8220;4.16&#8243; global_colors_info=&#8220;{}&#8220;][et_pb_column type=&#8220;1_2&#8243; _builder_version=&#8220;4.16&#8243; global_colors_info=&#8220;{}&#8220;][et_pb_text admin_label=&#8220;Titre horaires&#8220; module_id=&#8220;horaire&#8220; _builder_version=&#8220;4.24.2&#8243; text_font=&#8220;Brandon Bold|||on|||||&#8220; text_font_size=&#8220;29px&#8220; saved_tabs=&#8220;all&#8220; global_colors_info=&#8220;{}&#8220;]<\/p>\n<p>\u00d6ffnungzeiten<\/p>\n<p>[\/et_pb_text][et_pb_text admin_label=&#8220;Texte HOraires&#8220; _builder_version=&#8220;4.27.5&#8243; _module_preset=&#8220;8cf29b93-c319-4562-a2ba-01a9ce4f3456&#8243; custom_margin=&#8220;||6px||false|false&#8220; custom_padding=&#8220;10px|||||&#8220; hover_enabled=&#8220;0&#8243; global_colors_info=&#8220;{}&#8220; sticky_enabled=&#8220;0&#8243;]<\/p>\n<p>Vor dem Kauf probieren oder einfach mal reinschauen?<br \/>Wir hei\u00dfen Sie herzlich willkommen:<\/p>\n<ul>\n<li>An Wochentagen &#8211; nach Vereinbarung &#8211; z\u00f6gern Sie nicht.<\/li>\n<li>Freitag: 16.00 bis 18.00 Uhr<\/li>\n<li>Samstag 10.00-13.00 Uhr<\/li>\n<\/ul>\n<p>[\/et_pb_text][et_pb_text admin_label=&#8220;Texte viadarda&#8220; _builder_version=&#8220;4.27.3&#8243; _module_preset=&#8220;8cf29b93-c319-4562-a2ba-01a9ce4f3456&#8243; custom_padding=&#8220;10px|||||&#8220; global_colors_info=&#8220;{}&#8220;]<\/p>\n<p>Samstagnachmittag und Sonntag finden Sie unsere Weine im Winzerkeller <em>ViaDarda<\/em>.<\/p>\n<p>Fahrpl\u00e4ne auf <a href=\"https:\/\/viadarda.ch\" target=\"_blank\" rel=\"noopener\">viadarda.ch<\/a><\/p>\n<p>[\/et_pb_text][et_pb_image src=&#8220;https:\/\/www.les-faunes.ch\/wp-content\/uploads\/2024\/11\/logo-via-darda-small-scaled-1.webp&#8220; alt=&#8220;Logo caveau des vignerons via darda&#8220; title_text=&#8220;Logo-via-darda-small-scaled&#8220; url=&#8220;https:\/\/viadarda.ch&#8220; admin_label=&#8220;logo viadarda&#8220; _builder_version=&#8220;4.27.3&#8243; _module_preset=&#8220;default&#8220; width=&#8220;200px&#8220; global_colors_info=&#8220;{}&#8220;][\/et_pb_image][\/et_pb_column][et_pb_column type=&#8220;1_2&#8243; _builder_version=&#8220;4.16&#8243; global_colors_info=&#8220;{}&#8220;][et_pb_text admin_label=&#8220;Texte Adresse&#8220; _builder_version=&#8220;4.16&#8243; _module_preset=&#8220;default&#8220; global_colors_info=&#8220;{}&#8220;]<\/p>\n<p><strong>Adresse :<\/strong><br \/>Domaine les Faunes<br \/>540 Rte du Mandement<br \/>1283 Dardagny GE<br \/>Schweiz<\/p>\n<p><strong>T\u00e9l :<\/strong> 022 754 14 46<\/p>\n<p><strong>Email :<\/strong> info@les-faunes.ch<\/p>\n<p>IDE Nummer : CHE-170.958.179<\/p>\n<p>[\/et_pb_text][et_pb_button button_url=&#8220;https:\/\/cloud.les-faunes.ch\/index.php\/apps\/appointments\/pub\/bD4uT9DUBAY%3D\/form&#8220; url_new_window=&#8220;on&#8220; button_text=&#8220;Einen Termin f\u00fcr eine Weinprobe vereinbaren&#8220; _builder_version=&#8220;4.27.4&#8243; _module_preset=&#8220;default&#8220; global_colors_info=&#8220;{}&#8220;][\/et_pb_button][\/et_pb_column][\/et_pb_row][et_pb_row column_structure=&#8220;1_2,1_2&#8243; _builder_version=&#8220;4.16&#8243; global_colors_info=&#8220;{}&#8220;][et_pb_column type=&#8220;1_2&#8243; _builder_version=&#8220;4.16&#8243; global_colors_info=&#8220;{}&#8220;][et_pb_text admin_label=&#8220;Titre acc\u00e8s&#8220; _builder_version=&#8220;4.16&#8243; text_font=&#8220;Brandon Bold|||on|||||&#8220; text_font_size=&#8220;29px&#8220; saved_tabs=&#8220;all&#8220; global_colors_info=&#8220;{}&#8220;]<\/p>\n<p>Kontaktformular<\/p>\n<p>[\/et_pb_text][et_pb_divider _builder_version=&#8220;4.16&#8243; custom_margin=&#8220;||10px|||&#8220; global_colors_info=&#8220;{}&#8220;][\/et_pb_divider][et_pb_contact_form captcha=&#8220;off&#8220; email=&#8220;info@les-faunes.ch&#8220; custom_message=&#8220;Nouveau message de : ||et_pb_line_break_holder||%%Name%%||et_pb_line_break_holder||%%Email%%||et_pb_line_break_holder||||et_pb_line_break_holder||%%Message%%&#8220; success_message=&#8220;Danke fur ihre email&#8220; _builder_version=&#8220;4.21.0&#8243; _unique_id=&#8220;c405f6d2-016f-4f72-8028-2dc49e1900fd&#8220; global_colors_info=&#8220;{}&#8220;][et_pb_contact_field field_id=&#8220;Name&#8220; field_title=&#8220;Name&#8220; _builder_version=&#8220;4.21.0&#8243; global_colors_info=&#8220;{}&#8220; button_text_size__hover_enabled=&#8220;off&#8220; button_one_text_size__hover_enabled=&#8220;off&#8220; button_two_text_size__hover_enabled=&#8220;off&#8220; button_text_color__hover_enabled=&#8220;off&#8220; button_one_text_color__hover_enabled=&#8220;off&#8220; button_two_text_color__hover_enabled=&#8220;off&#8220; button_border_width__hover_enabled=&#8220;off&#8220; button_one_border_width__hover_enabled=&#8220;off&#8220; button_two_border_width__hover_enabled=&#8220;off&#8220; button_border_color__hover_enabled=&#8220;off&#8220; button_one_border_color__hover_enabled=&#8220;off&#8220; button_two_border_color__hover_enabled=&#8220;off&#8220; button_border_radius__hover_enabled=&#8220;off&#8220; button_one_border_radius__hover_enabled=&#8220;off&#8220; button_two_border_radius__hover_enabled=&#8220;off&#8220; button_letter_spacing__hover_enabled=&#8220;off&#8220; button_one_letter_spacing__hover_enabled=&#8220;off&#8220; button_two_letter_spacing__hover_enabled=&#8220;off&#8220; button_bg_color__hover_enabled=&#8220;off&#8220; button_one_bg_color__hover_enabled=&#8220;off&#8220; button_two_bg_color__hover_enabled=&#8220;off&#8220;][\/et_pb_contact_field][et_pb_contact_field field_id=&#8220;Email&#8220; field_title=&#8220;email&#8220; field_type=&#8220;email&#8220; _builder_version=&#8220;4.21.0&#8243; global_colors_info=&#8220;{}&#8220; button_text_size__hover_enabled=&#8220;off&#8220; button_one_text_size__hover_enabled=&#8220;off&#8220; button_two_text_size__hover_enabled=&#8220;off&#8220; button_text_color__hover_enabled=&#8220;off&#8220; button_one_text_color__hover_enabled=&#8220;off&#8220; button_two_text_color__hover_enabled=&#8220;off&#8220; button_border_width__hover_enabled=&#8220;off&#8220; button_one_border_width__hover_enabled=&#8220;off&#8220; button_two_border_width__hover_enabled=&#8220;off&#8220; button_border_color__hover_enabled=&#8220;off&#8220; button_one_border_color__hover_enabled=&#8220;off&#8220; button_two_border_color__hover_enabled=&#8220;off&#8220; button_border_radius__hover_enabled=&#8220;off&#8220; button_one_border_radius__hover_enabled=&#8220;off&#8220; button_two_border_radius__hover_enabled=&#8220;off&#8220; button_letter_spacing__hover_enabled=&#8220;off&#8220; button_one_letter_spacing__hover_enabled=&#8220;off&#8220; button_two_letter_spacing__hover_enabled=&#8220;off&#8220; button_bg_color__hover_enabled=&#8220;off&#8220; button_one_bg_color__hover_enabled=&#8220;off&#8220; button_two_bg_color__hover_enabled=&#8220;off&#8220;][\/et_pb_contact_field][et_pb_contact_field field_id=&#8220;Message&#8220; field_title=&#8220;Nachricht&#8220; field_type=&#8220;text&#8220; fullwidth_field=&#8220;on&#8220; _builder_version=&#8220;4.21.0&#8243; global_colors_info=&#8220;{}&#8220; button_text_size__hover_enabled=&#8220;off&#8220; button_one_text_size__hover_enabled=&#8220;off&#8220; button_two_text_size__hover_enabled=&#8220;off&#8220; button_text_color__hover_enabled=&#8220;off&#8220; button_one_text_color__hover_enabled=&#8220;off&#8220; button_two_text_color__hover_enabled=&#8220;off&#8220; button_border_width__hover_enabled=&#8220;off&#8220; button_one_border_width__hover_enabled=&#8220;off&#8220; button_two_border_width__hover_enabled=&#8220;off&#8220; button_border_color__hover_enabled=&#8220;off&#8220; button_one_border_color__hover_enabled=&#8220;off&#8220; button_two_border_color__hover_enabled=&#8220;off&#8220; button_border_radius__hover_enabled=&#8220;off&#8220; button_one_border_radius__hover_enabled=&#8220;off&#8220; button_two_border_radius__hover_enabled=&#8220;off&#8220; button_letter_spacing__hover_enabled=&#8220;off&#8220; button_one_letter_spacing__hover_enabled=&#8220;off&#8220; button_two_letter_spacing__hover_enabled=&#8220;off&#8220; button_bg_color__hover_enabled=&#8220;off&#8220; button_one_bg_color__hover_enabled=&#8220;off&#8220; button_two_bg_color__hover_enabled=&#8220;off&#8220;][\/et_pb_contact_field][\/et_pb_contact_form][\/et_pb_column][et_pb_column type=&#8220;1_2&#8243; _builder_version=&#8220;4.16&#8243; global_colors_info=&#8220;{}&#8220;][et_pb_text admin_label=&#8220;Titre acc\u00e8s&#8220; _builder_version=&#8220;4.16&#8243; text_font=&#8220;Brandon Bold|||on|||||&#8220; text_font_size=&#8220;29px&#8220; saved_tabs=&#8220;all&#8220; global_colors_info=&#8220;{}&#8220;]<\/p>\n<p>WEGBESCHREIBUNG<\/p>\n<p>[\/et_pb_text][et_pb_divider _builder_version=&#8220;4.16&#8243; custom_margin=&#8220;||10px|||&#8220; global_colors_info=&#8220;{}&#8220;][\/et_pb_divider][et_pb_text admin_label=&#8220;D\u00e9tails acc\u00e8s&#8220; _builder_version=&#8220;4.25.2&#8243; global_colors_info=&#8220;{}&#8220;]<\/p>\n<p><strong>Von Lausanne :<\/strong><br \/>Autoroute A1 &gt; Genf Flughafen &gt; Meyrin &gt; Satigny &gt; Russin &gt; Dardagny<\/p>\n<p><strong>Von Genf Zentrum (Offentliche Verkehrsmittel) :<\/strong><br \/>Cornavin Bahnhof &gt; RER Genf &gt; La Plaine &gt; BUS 74 La Plaine &gt; Dardagny-Douane<\/p>\n<p>Bus- und Zugfahrplan am :<a href=\"https:\/\/www.tpg.ch\/fr\/voyager\/planifier-votre-voyage\/itineraires?language=fr_FR&amp;P=TP&amp;Z=Dardagny-Douane&amp;start=no\"> tpg.ch<\/a><\/p>\n<p><strong>Von Frankreich (01) :<\/strong><br \/>Lyon &gt; Bellegarde &gt; Peron &gt; St Jean-de-Gonville &gt; Dardagny<\/p>\n<p>[\/et_pb_text][\/et_pb_column][\/et_pb_row][\/et_pb_section][et_pb_section fb_built=&#8220;1&#8243; fullwidth=&#8220;on&#8220; _builder_version=&#8220;4.27.4&#8243; width_tablet=&#8220;&#8220; width_phone=&#8220;100%&#8220; width_last_edited=&#8220;on|phone&#8220; global_colors_info=&#8220;{}&#8220;][et_pb_fullwidth_code _builder_version=&#8220;4.27.4&#8243; _module_preset=&#8220;default&#8220; global_colors_info=&#8220;{}&#8220;]<iframe width=\"100%\" height=\"500px\" frameborder=\"0\" allowfullscreen=\"\" allow=\"geolocation\" src=\"\/\/umap.openstreetmap.fr\/fr\/map\/domaine-les-faunes_1064549?scaleControl=true&amp;miniMap=true&amp;scrollWheelZoom=false&amp;zoomControl=true&amp;editMode=disabled&amp;moreControl=false&amp;searchControl=null&amp;tilelayersControl=null&amp;embedControl=null&amp;datalayersControl=null&amp;onLoadPanel=none&amp;captionBar=false&amp;captionMenus=true#13\/46.2024\/6.0480\"><\/iframe>[\/et_pb_fullwidth_code][\/et_pb_section]<\/p>\n","protected":false},"excerpt":{"rendered":"<p>Kontakt \u00d6ffnungzeitenVor dem Kauf probieren oder einfach mal reinschauen?Wir hei\u00dfen Sie herzlich willkommen: An Wochentagen &#8211; nach Vereinbarung &#8211; z\u00f6gern Sie nicht. Freitag: 16.00 bis 18.00 Uhr Samstag 10.00-13.00 Uhr Samstagnachmittag und Sonntag finden Sie unsere Weine im Winzerkeller ViaDarda. Fahrpl\u00e4ne auf viadarda.chAdresse :Domaine les Faunes540 Rte du Mandement1283 Dardagny GESchweiz T\u00e9l : 022 754 [&hellip;]<\/p>\n","protected":false},"author":1,"featured_media":0,"parent":0,"menu_order":0,"comment_status":"closed","ping_status":"closed","template":"","meta":{"_et_pb_use_builder":"on","_et_pb_old_content":"","_et_gb_content_width":"","footnotes":""},"class_list":["post-583961","page","type-page","status-publish","hentry"],"aioseo_notices":[],"_links":{"self":[{"href":"https:\/\/www.les-faunes.ch\/de\/wp-json\/wp\/v2\/pages\/583961","targetHints":{"allow":["GET"]}}],"collection":[{"href":"https:\/\/www.les-faunes.ch\/de\/wp-json\/wp\/v2\/pages"}],"about":[{"href":"https:\/\/www.les-faunes.ch\/de\/wp-json\/wp\/v2\/types\/page"}],"author":[{"embeddable":true,"href":"https:\/\/www.les-faunes.ch\/de\/wp-json\/wp\/v2\/users\/1"}],"replies":[{"embeddable":true,"href":"https:\/\/www.les-faunes.ch\/de\/wp-json\/wp\/v2\/comments?post=583961"}],"version-history":[{"count":0,"href":"https:\/\/www.les-faunes.ch\/de\/wp-json\/wp\/v2\/pages\/583961\/revisions"}],"wp:attachment":[{"href":"https:\/\/www.les-faunes.ch\/de\/wp-json\/wp\/v2\/media?parent=583961"}],"curies":[{"name":"wp","href":"https:\/\/api.w.org\/{rel}","templated":true}]}}