{"id":33773,"date":"2016-09-24T10:54:44","date_gmt":"2016-09-24T08:54:44","guid":{"rendered":"https:\/\/www.les-faunes.ch\/nos-vins\/degustationspaket\/"},"modified":"2024-03-03T19:51:05","modified_gmt":"2024-03-03T18:51:05","slug":"entdeckungs-karton","status":"publish","type":"product","link":"https:\/\/www.les-faunes.ch\/de\/unsere-weine\/entdeckungs-karton\/","title":{"rendered":"Degustationskit"},"content":{"rendered":"<p>Entdecken Sie den Reichtum und die Vielfalt unserer Rebsorte mit unserem Degustation-Karton-Angebot. Diese Packung enth\u00e4lt sechs verschiedene Flaschen (3 wei\u00dfe und 3 rote), die eine sch\u00f6ne Probe unserer Jahrg\u00e4nge darstellen. Zus\u00e4tzlich zum aktuellen Rabatt, <strong><span style=\"color: #f20d0d;\">Die Lieferung ist kostenlos<\/span><\/strong><\/p>\n<ul>\n<li>Ein traditionelles Wei\u00df: Die Chasselas<\/li>\n<li>Eine wei\u00dfe Spezialit\u00e4t: Pinot Gris<\/li>\n<li>Eine aromatische Traube: Scheurebe<\/li>\n<li>Klassisches Rot: Pinot Noir<\/li>\n<li>Ein korpulenteres Rot: The Gamaret<\/li>\n<li>Eine Fass rote Spezialit\u00e4t: Syrah<\/li>\n<\/ul>\n<p>Sie werden in der Lage sein, eine Vorstellung von unserem Sortiment zu bekommen. Dies ist der perfekte Weg, um unsere Weine zu entdecken, wenn Sie nicht in unseren Keller gelangen.<\/p>\n","protected":false},"excerpt":{"rendered":"<p>Entdecken Sie unsere verschiedenen Traubensorten und ihre Reichhaltigkeit in unserem Probierset.<\/p>\n<p>Dieses Pack enth\u00e4lt sechs ausgew\u00e4hlte Flaschen (3 weisse und 3 rote) &#8211; eine wunderbare Kostprobe unserer Weine&#8230;<\/p>\n<p>Dieser Karton haben wir momentan im Sonderangebot !<\/p>\n<p>Nebst dem jetzigen Rabatt ist die <span style=\"color: #ff0000;\"><strong>Lieferung gratis<\/strong><\/span>.<\/p>\n<p><strong>Inhalt des Degustationspakets :<\/strong><\/p>\n<ul>\n<li>Ein traditioneller Weisswein : Le Chasselas<\/li>\n<li>Eine Weisswein-Spezialit\u00e4t : Le Pinot Gris<\/li>\n<li>Ein Aromatischer : Le Sauvignon Blanc<\/li>\n<li>Ein klassischer Rotwein : Le Pinot Noir<\/li>\n<li>Ein kr\u00e4ftigerer Rotwein : Le Gamaret<\/li>\n<li>Eine Rotwein-Spezialit\u00e4t im Barrique gereift : La Syrah<\/li>\n<\/ul>\n<p>Entdecken Sie mit diesem Angebot unsere geschmackvolle Auswahl an Weinen. Das ideale Kennenlernen unserer Weine, sollte das Degustieren in unserem Keller f\u00fcr Sie zu weit sein !<\/p>\n<p><strong>Hinweis:<\/strong> Begrenzt auf eine Box pro Kunde<\/p>\n","protected":false},"featured_media":578247,"template":"","meta":{"_et_pb_use_builder":"off","_et_pb_old_content":"<strong>Dieser Karton enth\u00e4lt folgende Flaschen:<\/strong>\n<ul>\n \t<li>Ein traditionelles Wei\u00df: Die Chasselas<\/li>\n \t<li>Eine wei\u00dfe Spezialit\u00e4t: Pinot Gris<\/li>\n \t<li>Ein Aromastoff: Sauvignon Blanc<\/li>\n \t<li>Klassisches Rot: Pinot Noir<\/li>\n \t<li>Ein korpulenteres Rot: The Gamaret<\/li>\n \t<li>Eine Fass rote Spezialit\u00e4t: Syrah<\/li>\n<\/ul>\nSie werden in der Lage sein, eine Vorstellung von unserem Sortiment zu bekommen. Dies ist der perfekte Weg, um unsere Weine zu entdecken, wenn Sie nicht in unseren Keller gelangen.\n\n<strong>Hinweis :<\/strong> beschr\u00e4nkt auf eine Box pro Kunde","_et_gb_content_width":""},"product_brand":[],"product_cat":[274],"product_tag":[],"class_list":{"0":"post-33773","1":"product","2":"type-product","3":"status-publish","4":"has-post-thumbnail","6":"product_cat-sonderangebote","7":"product_shipping_class-in-kartons-zu-6-stuck","9":"first","10":"instock","11":"sale","12":"taxable","13":"shipping-taxable","14":"purchasable","15":"product-type-simple"},"aioseo_notices":[],"_links":{"self":[{"href":"https:\/\/www.les-faunes.ch\/de\/wp-json\/wp\/v2\/product\/33773","targetHints":{"allow":["GET"]}}],"collection":[{"href":"https:\/\/www.les-faunes.ch\/de\/wp-json\/wp\/v2\/product"}],"about":[{"href":"https:\/\/www.les-faunes.ch\/de\/wp-json\/wp\/v2\/types\/product"}],"wp:featuredmedia":[{"embeddable":true,"href":"https:\/\/www.les-faunes.ch\/de\/wp-json\/wp\/v2\/media\/578247"}],"wp:attachment":[{"href":"https:\/\/www.les-faunes.ch\/de\/wp-json\/wp\/v2\/media?parent=33773"}],"wp:term":[{"taxonomy":"product_brand","embeddable":true,"href":"https:\/\/www.les-faunes.ch\/de\/wp-json\/wp\/v2\/product_brand?post=33773"},{"taxonomy":"product_cat","embeddable":true,"href":"https:\/\/www.les-faunes.ch\/de\/wp-json\/wp\/v2\/product_cat?post=33773"},{"taxonomy":"product_tag","embeddable":true,"href":"https:\/\/www.les-faunes.ch\/de\/wp-json\/wp\/v2\/product_tag?post=33773"}],"curies":[{"name":"wp","href":"https:\/\/api.w.org\/{rel}","templated":true}]}}