{"id":33791,"date":"2016-07-14T18:30:04","date_gmt":"2016-07-14T16:30:04","guid":{"rendered":"https:\/\/www.les-faunes.ch\/nos-vins\/tradition-brut-blanc\/"},"modified":"2025-03-08T12:03:50","modified_gmt":"2025-03-08T11:03:50","slug":"tradition","status":"publish","type":"product","link":"https:\/\/www.les-faunes.ch\/de\/unsere-weine\/tradition\/","title":{"rendered":"Tradition &#8211; Brut"},"content":{"rendered":"<p>Die Rebsorte Charmont ist mit dem Chardonnay verwandt und eignet sich hervorragend f\u00fcr die Herstellung von Schaumweinen. Aus diesem Grund haben wir diese Rebsorte f\u00fcr die Herstellung unserer Cuv\u00e9e &#8222;Tradition&#8220; gew\u00e4hlt. Dieser Nachderher hergestellte Schaumwein (3. G\u00e4rung in der Flasche) wird in die Kategorie &#8222;Brut&#8220; eingestuft oder enth\u00e4lt weniger als f\u00fcnfzehn g\/l Restzucker.<\/p>\n<p><strong>Charakter:<\/strong><br \/>\nDuft: Ananas, Birne.<br \/>\nGeschmack: Trotz der rohen Klassifizierung hat dieser Sekt eine gewisse Flexibilit\u00e4t, aber ohne S\u00fc\u00dfe.<\/p>\n<p><strong>Passend zu&#8230;<\/strong><br \/>\nAperitif oder Dessert, aber auch ger\u00e4ucherter Fisch und Schalentiere. Sushi und Sashimi sind auch eine tolle Begleitung.<\/p>\n<p><strong>Unterschiede:<\/strong><br \/>\nGoldmedaille &#8211; Schweizer Wein Grand Prix 2018<\/p>\n","protected":false},"excerpt":{"rendered":"<p>Chardonnay, eine Traube der Burgundergr\u00f6\u00dfen, hat in Genf ihr unbeheimatetes Land gefunden. Wir haben diese Traube f\u00fcr die Produktion unseres &#8222;Tradition&#8220;-Jahrgangs ausgew\u00e4hlt. Dieser Nachderher hergestellte Schaumwein (3. G\u00e4rung in der Flasche) wird in die Kategorie &#8222;Brut&#8220; eingestuft oder enth\u00e4lt weniger als f\u00fcnfzehn g\/l Restzucker.<\/p>\n<p><strong>Verkostung:<\/strong><br \/>\nAuf der Nase: Ananas, Birne.<br \/>\nIm Mund: Trotz der rohen Klassifizierung hat dieser Sekt eine gewisse Flexibilit\u00e4t, aber ohne S\u00fc\u00dfe.<\/p>\n<p><strong>Weinpaarung:<\/strong><br \/>\nAperitif oder Dessert, aber auch ger\u00e4ucherter Fisch und Schalentiere. Sushi und Sashimi sind auch eine tolle Begleitung.<\/p>\n<p><strong>Unterschiede:<\/strong><br \/>\nGoldmedaille &#8211; Schweizer Wein Grand Prix 2018<\/p>\n","protected":false},"featured_media":33605,"template":"","meta":{"_et_pb_use_builder":"off","_et_pb_old_content":"<strong>Beschreibung:<\/strong>\nRebsorte der \u201eGrossen des Burgunds\u201c hat hier in Genf einen idealen Boden mit optimalen Bedingungen gefunden. Wir haben diese Traube f\u00fcr die Produktion unseres \"Tradition\"-Jahrgangs ausgew\u00e4hlt. Dieser Nachderartigungsmittel (3. G\u00e4rung in der Flasche) hergestellte Schaumwein wird in die Kategorie \"Brut\" eingestuft oder enth\u00e4lt weniger als f\u00fcnfzehn g\/l Restzucker.\n\n<strong>Charakter:<\/strong>\nDuft: Ananas, Birne.\nGeschmack: Trotz der rohen Klassifizierung hat dieser Sekt eine gewisse Flexibilit\u00e4t, aber ohne S\u00fc\u00dfe.\n\n<strong>Passend zu...<\/strong>\nAperitif oder Dessert, aber auch ger\u00e4ucherter Fisch und Schalentiere. Sushi und Sashimi sind auch eine tolle Begleitung.\n\n<strong>Verbrauchstemperatur:<\/strong>\n10-12 Grad C.\n\n<strong>Erhaltung:<\/strong>\nOptimal: nach 1 Jahr Flasche.\nEmpfohlenes Maximum: 3-4 Jahre.\n\n<strong>Enth\u00e4lt verf\u00fcgbare:<\/strong>\n75cl.\n\n<strong>Verpackung:<\/strong>\n75cl. : Kartons mit 6 Flaschen, Kork.","_et_gb_content_width":""},"product_brand":[],"product_cat":[276],"product_tag":[],"class_list":{"0":"post-33791","1":"product","2":"type-product","3":"status-publish","4":"has-post-thumbnail","6":"product_cat-schaumweine","8":"first","9":"instock","10":"taxable","11":"shipping-taxable","12":"purchasable","13":"product-type-simple"},"aioseo_notices":[],"_links":{"self":[{"href":"https:\/\/www.les-faunes.ch\/de\/wp-json\/wp\/v2\/product\/33791","targetHints":{"allow":["GET"]}}],"collection":[{"href":"https:\/\/www.les-faunes.ch\/de\/wp-json\/wp\/v2\/product"}],"about":[{"href":"https:\/\/www.les-faunes.ch\/de\/wp-json\/wp\/v2\/types\/product"}],"wp:featuredmedia":[{"embeddable":true,"href":"https:\/\/www.les-faunes.ch\/de\/wp-json\/wp\/v2\/media\/33605"}],"wp:attachment":[{"href":"https:\/\/www.les-faunes.ch\/de\/wp-json\/wp\/v2\/media?parent=33791"}],"wp:term":[{"taxonomy":"product_brand","embeddable":true,"href":"https:\/\/www.les-faunes.ch\/de\/wp-json\/wp\/v2\/product_brand?post=33791"},{"taxonomy":"product_cat","embeddable":true,"href":"https:\/\/www.les-faunes.ch\/de\/wp-json\/wp\/v2\/product_cat?post=33791"},{"taxonomy":"product_tag","embeddable":true,"href":"https:\/\/www.les-faunes.ch\/de\/wp-json\/wp\/v2\/product_tag?post=33791"}],"curies":[{"name":"wp","href":"https:\/\/api.w.org\/{rel}","templated":true}]}}