{"id":33798,"date":"2016-07-06T19:34:16","date_gmt":"2016-07-06T17:34:16","guid":{"rendered":"https:\/\/www.les-faunes.ch\/nos-vins\/rose-de-pinot\/"},"modified":"2024-07-01T10:10:41","modified_gmt":"2024-07-01T08:10:41","slug":"rose-de-pinot","status":"publish","type":"product","link":"https:\/\/www.les-faunes.ch\/de\/unsere-weine\/rose-de-pinot\/","title":{"rendered":"Ros\u00e9 de Pinot Noir"},"content":{"rendered":"<p><span style=\"color: #ff0000;\"><strong>Diese Referenz wird aufgegeben<\/strong><\/span><\/p>\n<p>Der Im Burgund lange kultivierte Pinot Noir ist eine der gro\u00dfen franz\u00f6sischen Rebsorten, die sich gut an das Genfer Klima angepasst hat. Pinot Noir Ros\u00e9-Weinbereitung wird auf dem Weingut seit mehr als drei\u00dfig Jahren praktiziert. Der Ros\u00e9 de Pinot produziert Weine, die feiner und strukturierter sind als der Ros\u00e9 de Gamay, so dass er mit der Mahlzeit verzehrt werden soll. Es ist ein Ros\u00e9, der das ganze Jahr \u00fcber genossen werden kann.<\/p>\n<p><strong>Charakter:<\/strong><br \/>\nIn der Nase: wei\u00dfe Bl\u00fcten, Rote Kiefer und leichte Ananasnoten.<br \/>\nIm Mund: angespannter als der Ros\u00e9 de Gamay mit einer lebendigeren Struktur, die seine Begleitung unterst\u00fctzt.<\/p>\n<p><strong>Passend zu&#8230;<\/strong><br \/>\nAsiatische oder w\u00fcrzige K\u00fcche. Sushi.<\/p>\n","protected":false},"excerpt":{"rendered":"<p>Der Im Burgund lange kultivierte Pinot Noir ist eine der gro\u00dfen franz\u00f6sischen Rebsorten, die sich gut an das Genfer Klima angepasst hat. Pinot Noir Ros\u00e9-Weinbereitung wird auf dem Weingut seit mehr als drei\u00dfig Jahren praktiziert. Der Ros\u00e9 de Pinot produziert Weine, die feiner und strukturierter sind als der Ros\u00e9 de Gamay, so dass er mit der Mahlzeit verzehrt werden soll. Es ist ein Ros\u00e9, der das ganze Jahr \u00fcber genossen werden kann.<\/p>\n<p><strong>Verkostung:<\/strong><br \/>\nIn der Nase: wei\u00dfe Bl\u00fcten, Rote Kiefer und leichte Ananasnoten.<br \/>\nIm Mund: angespannter als der Ros\u00e9 de Gamay mit einer lebendigeren Struktur, die seine Begleitung unterst\u00fctzt.<\/p>\n<p><strong>Weinpaarung:<\/strong><br \/>\nAsiatische oder w\u00fcrzige K\u00fcche. Sushi.<\/p>\n","protected":false},"featured_media":33583,"template":"","meta":{"_et_pb_use_builder":"off","_et_pb_old_content":"<strong>Beschreibung:<\/strong>\nDer Im Burgund lange kultivierte Pinot Noir ist eine der gro\u00dfen franz\u00f6sischen Rebsorten, die sich gut an das Genfer Klima angepasst hat. Pinot Noir Ros\u00e9-Weinbereitung wird auf dem Weingut seit mehr als drei\u00dfig Jahren praktiziert. Der Ros\u00e9 de Pinot produziert Weine, die feiner und strukturierter sind als der Ros\u00e9 de Gamay, so dass er mit der Mahlzeit verzehrt werden soll. Es ist ein Ros\u00e9, der das ganze Jahr \u00fcber genossen werden kann.\n\n<strong>Charakter:<\/strong>\nIn der Nase: wei\u00dfe Bl\u00fcten, Rote Kiefer und leichte Ananasnoten.\nIm Mund: angespannter als der Ros\u00e9 de Gamay mit einer lebendigeren Struktur, die seine Begleitung unterst\u00fctzt.\n\n<strong>Passend zu...<\/strong>\nAsiatische oder w\u00fcrzige K\u00fcche. Sushi.\n\n<strong>Verbrauchstemperatur:<\/strong>\n10-12 Grad C.\n\n<strong>Erhaltung:<\/strong>\nOptimal: 1-2 Jahre.\nEmpfohlenes Maximum: 4 Jahre\n\n<strong>Enth\u00e4lt verf\u00fcgbare:<\/strong>\n50cl. ; 70cl.\n\n<strong>Verpackung:<\/strong>\n50cl. : Kartons mit 12 Flaschen, Drehverschluss.\n70cl. : Kartons mit 6 Flaschen, Kork.","_et_gb_content_width":""},"product_brand":[],"product_cat":[],"product_tag":[],"class_list":{"0":"post-33798","1":"product","2":"type-product","3":"status-publish","4":"has-post-thumbnail","7":"first","8":"outofstock","9":"taxable","10":"shipping-taxable","11":"purchasable","12":"product-type-variable","13":"has-default-attributes"},"aioseo_notices":[],"_links":{"self":[{"href":"https:\/\/www.les-faunes.ch\/de\/wp-json\/wp\/v2\/product\/33798","targetHints":{"allow":["GET"]}}],"collection":[{"href":"https:\/\/www.les-faunes.ch\/de\/wp-json\/wp\/v2\/product"}],"about":[{"href":"https:\/\/www.les-faunes.ch\/de\/wp-json\/wp\/v2\/types\/product"}],"wp:featuredmedia":[{"embeddable":true,"href":"https:\/\/www.les-faunes.ch\/de\/wp-json\/wp\/v2\/media\/33583"}],"wp:attachment":[{"href":"https:\/\/www.les-faunes.ch\/de\/wp-json\/wp\/v2\/media?parent=33798"}],"wp:term":[{"taxonomy":"product_brand","embeddable":true,"href":"https:\/\/www.les-faunes.ch\/de\/wp-json\/wp\/v2\/product_brand?post=33798"},{"taxonomy":"product_cat","embeddable":true,"href":"https:\/\/www.les-faunes.ch\/de\/wp-json\/wp\/v2\/product_cat?post=33798"},{"taxonomy":"product_tag","embeddable":true,"href":"https:\/\/www.les-faunes.ch\/de\/wp-json\/wp\/v2\/product_tag?post=33798"}],"curies":[{"name":"wp","href":"https:\/\/api.w.org\/{rel}","templated":true}]}}