{"id":33802,"date":"2016-07-06T18:51:37","date_gmt":"2016-07-06T16:51:37","guid":{"rendered":"https:\/\/www.les-faunes.ch\/nos-vins\/scheurebe\/"},"modified":"2025-05-07T09:09:29","modified_gmt":"2025-05-07T07:09:29","slug":"scheurebe","status":"publish","type":"product","link":"https:\/\/www.les-faunes.ch\/de\/unsere-weine\/scheurebe\/","title":{"rendered":"Scheurebe"},"content":{"rendered":"<p>Die Scheurebe stammt aus Deutschland. Er ist eine Kreuzung aus Riesling und Bukettraube (die wiederum aus der Kreuzung von Sylvaner und Trollinger entstanden ist). Dr. Scheu hat sie gez\u00fcchtet und ihr den Namen gegeben.<\/p>\n<p>Kleine Best\u00e4nde sind auch in der Schweiz bekannt: Sie wurde zum ersten Mal in den 90-iger Jahren angebaut und einige Jahre sp\u00e4ter zu unserer grossen Freude auch in unserem Weingut angepflanzt.<\/p>\n<p class=\"p2\"><strong>Charakter:<br \/>\n<\/strong>Duft : In der Nase kann er mit einem Sauvignon Blanc verglichen werden mit der intensiven Duftnote der Passionsfrucht. Die aromatische Intensit\u00e4t ist bemerkenswert.<br \/>\nGeschmack : trocken ausgebaut (ohne Rests\u00fcsse) schmeckt er frisch, aromatisch und ausgewogen<\/p>\n<p class=\"p2\"><strong>Passend zu&#8230;<br \/>\n<\/strong> Es kann Sie mit Spargel \u00fcberraschen, auch wenn sein Lieblingsgebiet der Aperitif ist.<\/p>\n","protected":false},"excerpt":{"rendered":"<p class=\"p1\">Die Scheurebe stammt aus Deutschland. Sie entstand aus einer Kreuzung von Silvaner und Riesling. Dr. Scheu hat sie gez\u00fcchtet und ihr den Namen gegeben. Kleine Best\u00e4nde sind auch in der Schweiz bekannt: Sie wurde zum ersten Mal in den 90-iger Jahren angebaut und einige Jahre sp\u00e4ter zu unserer grossen Freude auch in unserem Weingut angepflanzt.<\/p>\n<p class=\"p2\"><strong>Charakter:<br \/><\/strong>Duft : In der Nase kann er mit einem Sauvignon Blanc verglichen werden mit der intensiven Duftnote der Passionsfrucht.<br \/>Geschmack : trocken ausgebaut (ohne Rests\u00fcsse) schmeckt er frisch, aromatisch und ausgewogen<\/p>\n<p class=\"p2\"><strong>Weinpaarung: <\/strong> Es kann Sie mit Spargel \u00fcberraschen, auch wenn sein Lieblingsgebiet der Aperitif ist.<\/p>\n","protected":false},"featured_media":33575,"template":"","meta":{"_et_pb_use_builder":"off","_et_pb_old_content":"<p class=\"p2\"><strong>Description:\n<\/strong>Die Scheurebe stammt aus Deutschland. Sie entstand aus einer Kreuzung von Silvaner und Riesling. Dr. Scheu hat sie gez\u00fcchtet und ihr den Namen gegeben. Kleine Best\u00e4nde sind auch in der Schweiz bekannt: Sie wurde zum ersten Mal in den 90-iger Jahren angebaut und einige Jahre sp\u00e4ter zu unserer grossen Freude auch in unserem Weingut angepflanzt.<\/p>\n<p class=\"p2\"><strong>Charakter:\n<\/strong>Duft : In der Nase kann er mit einem Sauvignon Blanc verglichen werden mit der intensiven Duftnote der Passionsfrucht. Die aromatische Intensit\u00e4t ist bemerkenswert.\nGeschmack : trocken ausgebaut (ohne Rests\u00fcsse) schmeckt er frisch, aromatisch und ausgewogen<\/p>\n<p class=\"p2\"><strong>Passend zu...\n<\/strong> Es kann Sie mit Spargel \u00fcberraschen, auch wenn sein Lieblingsgebiet der Aperitif ist.<\/p>\n<p class=\"p2\"><strong>Verbrauchstemperatur:  \n <\/strong>10-12 Grad C.<\/p>\n<p class=\"p2\"><strong>Konservierung:  \n <\/strong>Optimum: 1 Jahr.\nEmpfohlenes Maximum: 3 Jahre<\/p>\n<p class=\"p2\"><strong>Verf\u00fcgbare Fassungen:  \n <\/strong>70cl.<\/p>\n<p class=\"p2\"><strong>Verpackung:  \n <\/strong>Kartons mit 6 Flaschen, Korkstopfen.<\/p>","_et_gb_content_width":""},"product_brand":[],"product_cat":[275],"product_tag":[],"class_list":{"0":"post-33802","1":"product","2":"type-product","3":"status-publish","4":"has-post-thumbnail","6":"product_cat-weissweine","8":"first","9":"instock","10":"taxable","11":"shipping-taxable","12":"purchasable","13":"product-type-simple"},"aioseo_notices":[],"_links":{"self":[{"href":"https:\/\/www.les-faunes.ch\/de\/wp-json\/wp\/v2\/product\/33802","targetHints":{"allow":["GET"]}}],"collection":[{"href":"https:\/\/www.les-faunes.ch\/de\/wp-json\/wp\/v2\/product"}],"about":[{"href":"https:\/\/www.les-faunes.ch\/de\/wp-json\/wp\/v2\/types\/product"}],"wp:featuredmedia":[{"embeddable":true,"href":"https:\/\/www.les-faunes.ch\/de\/wp-json\/wp\/v2\/media\/33575"}],"wp:attachment":[{"href":"https:\/\/www.les-faunes.ch\/de\/wp-json\/wp\/v2\/media?parent=33802"}],"wp:term":[{"taxonomy":"product_brand","embeddable":true,"href":"https:\/\/www.les-faunes.ch\/de\/wp-json\/wp\/v2\/product_brand?post=33802"},{"taxonomy":"product_cat","embeddable":true,"href":"https:\/\/www.les-faunes.ch\/de\/wp-json\/wp\/v2\/product_cat?post=33802"},{"taxonomy":"product_tag","embeddable":true,"href":"https:\/\/www.les-faunes.ch\/de\/wp-json\/wp\/v2\/product_tag?post=33802"}],"curies":[{"name":"wp","href":"https:\/\/api.w.org\/{rel}","templated":true}]}}