{"id":33818,"date":"2016-06-04T10:55:29","date_gmt":"2016-06-04T08:55:29","guid":{"rendered":"https:\/\/www.les-faunes.ch\/nos-vins\/pinot-noir-les-faunes\/"},"modified":"2024-06-01T00:00:32","modified_gmt":"2024-05-31T22:00:32","slug":"pinot-noir","status":"publish","type":"product","link":"https:\/\/www.les-faunes.ch\/de\/unsere-weine\/pinot-noir\/","title":{"rendered":"Pinot Noir Les Faunes"},"content":{"rendered":"<p>Der Im Burgund lange kultivierte Pinot Noir ist eine der gro\u00dfen franz\u00f6sischen Rebsorten, die sich gut an das Genfer Klima angepasst hat.<\/p>\n<p>Sein Wein ist schwach gef\u00e4rbt, von niedrigem Tanningehalt und von grosser Feinheit. Wegen der d\u00fcnnen Haut der Beeren ben\u00f6tigt der Pinot Noir umsichtige Behandlung. Er mag keine zu hohe Luftfeuchtigkeit, da er f\u00fcr Krankheiten anf\u00e4llig ist. Schwankungen im Klima behagen ihm nicht. Winzer und Mutter Natur m\u00fcssen ihn deshalb mit grosser Sorgfalt behandeln!<\/p>\n<p><strong>Charakter:<\/strong><br \/>\nNase : Das Bouquet gleicht dem der Kirsche und der Brombeere.<br \/>\nGaumen : Man schmeckt das Kirschenaroma. Er ist feiner als der Gamay mit einem angenehmen Tanningehalt. Die Gerbstoffe sind geschmeidig, aber vorhanden.<\/p>\n<p><strong>Passend zu&#8230;<\/strong><br \/>\nGefl\u00fcgelgerichte, Lamm, Ente oder gegrilltes Fleisch gehen wunderbar mit ihm einher.<\/p>\n","protected":false},"excerpt":{"rendered":"<p>Der Im Burgund lange kultivierte Pinot Noir ist eine der gro\u00dfen franz\u00f6sischen Rebsorten, die sich gut an das Genfer Klima angepasst hat.<\/p>\n<p>Sein Wein ist schwach gef\u00e4rbt, von niedrigem Tanningehalt und von grosser Feinheit. Wegen der d\u00fcnnen Haut der Beeren ben\u00f6tigt der Pinot Noir umsichtige Behandlung. Er mag keine zu hohe Luftfeuchtigkeit, da er f\u00fcr Krankheiten anf\u00e4llig ist. Schwankungen im Klima behagen ihm nicht. Winzer und Mutter Natur m\u00fcssen ihn deshalb mit grosser Sorgfalt behandeln!<\/p>\n<p><strong>Verkostung:<\/strong><br \/>\nNase : Das Bouquet gleicht dem der Kirsche und der Brombeere.<br \/>\nGaumen : Man schmeckt das Kirschenaroma. Er ist feiner als der Gamay mit einem angenehmen Tanningehalt. Die Gerbstoffe sind geschmeidig, aber vorhanden.<\/p>\n<p><strong>Weinpaarung:<\/strong><br \/>\nGefl\u00fcgelgerichte, Lamm, Ente oder gegrilltes Fleisch gehen wunderbar mit ihm einher.<\/p>\n","protected":false},"featured_media":33599,"template":"","meta":{"_et_pb_use_builder":"off","_et_pb_old_content":"<strong>Beschreibung:<\/strong>\nSein Wein ist schwach gef\u00e4rbt, von niedrigem Tanningehalt und von grosser Feinheit. Wegen der d\u00fcnnen Haut der Beeren ben\u00f6tigt der Pinot Noir umsichtige Behandlung. Er mag keine zu hohe Luftfeuchtigkeit, da er f\u00fcr Krankheiten anf\u00e4llig ist. Schwankungen im Klima behagen ihm nicht. Winzer und Mutter Natur m\u00fcssen ihn deshalb mit grosser Sorgfalt behandeln!\n\n<strong>Charakter:<\/strong>\nNase : Das Bouquet gleicht dem der Kirsche und der Brombeere.\nGaumen : Man schmeckt das Kirschenaroma. Er ist feiner als der Gamay mit einem angenehmen Tanningehalt. Die Gerbstoffe sind geschmeidig, aber vorhanden.\n\n<strong>Passend zu...<\/strong>\nGefl\u00fcgelgerichte, Lamm, Ente oder gegrilltes Fleisch gehen wunderbar mit ihm einher.\n\n<strong>Verbrauchstemperatur:<\/strong>\n16-17 Grad C.\n\n<strong>Erhaltung:<\/strong>\nOptimum: 2 Jahre.\nEmpfohlenes Maximum: 6-7 Jahre\n\n<strong>Enth\u00e4lt verf\u00fcgbare:<\/strong>\n35cl. ; 50cl. ; 70cl. ; 150cl. ; 300cl.\n\n<strong>Verpackung:<\/strong>\n35cl. In: Kartons mit 12 Flaschen, Schraubverschluss.\n50cl. : Kartons mit 6 Flaschen, Kork.\n70cl. : Kartons mit 6 Flaschen, Kork.\n150cl. : Einheit, Korken.\n300cl. : Einheit, Korken. Mit h\u00f6lzernen K\u00e4stchen ausgestattet.","_et_gb_content_width":""},"product_brand":[],"product_cat":[278,273],"product_tag":[],"class_list":{"0":"post-33818","1":"product","2":"type-product","3":"status-publish","4":"has-post-thumbnail","6":"product_cat-rotweine","7":"product_cat-unsere-empfehlungen","9":"first","10":"instock","11":"taxable","12":"shipping-taxable","13":"purchasable","14":"product-type-variable","15":"has-default-attributes"},"aioseo_notices":[],"_links":{"self":[{"href":"https:\/\/www.les-faunes.ch\/de\/wp-json\/wp\/v2\/product\/33818","targetHints":{"allow":["GET"]}}],"collection":[{"href":"https:\/\/www.les-faunes.ch\/de\/wp-json\/wp\/v2\/product"}],"about":[{"href":"https:\/\/www.les-faunes.ch\/de\/wp-json\/wp\/v2\/types\/product"}],"wp:featuredmedia":[{"embeddable":true,"href":"https:\/\/www.les-faunes.ch\/de\/wp-json\/wp\/v2\/media\/33599"}],"wp:attachment":[{"href":"https:\/\/www.les-faunes.ch\/de\/wp-json\/wp\/v2\/media?parent=33818"}],"wp:term":[{"taxonomy":"product_brand","embeddable":true,"href":"https:\/\/www.les-faunes.ch\/de\/wp-json\/wp\/v2\/product_brand?post=33818"},{"taxonomy":"product_cat","embeddable":true,"href":"https:\/\/www.les-faunes.ch\/de\/wp-json\/wp\/v2\/product_cat?post=33818"},{"taxonomy":"product_tag","embeddable":true,"href":"https:\/\/www.les-faunes.ch\/de\/wp-json\/wp\/v2\/product_tag?post=33818"}],"curies":[{"name":"wp","href":"https:\/\/api.w.org\/{rel}","templated":true}]}}