{"id":34165,"date":"2016-06-20T18:54:44","date_gmt":"2016-06-20T16:54:44","guid":{"rendered":"https:\/\/www.les-faunes.ch\/nos-vins\/pinot-gris\/"},"modified":"2025-11-10T10:39:36","modified_gmt":"2025-11-10T09:39:36","slug":"pinot-gris","status":"publish","type":"product","link":"https:\/\/www.les-faunes.ch\/de\/unsere-weine\/pinot-gris\/","title":{"rendered":"Pinot Gris"},"content":{"rendered":"<p>Mutation von Pinot Noir, wird in Deutschland &#8222;Rulander&#8220; genannt, &#8222;Malvoisie&#8220; im Wallis, fr\u00fcher &#8222;Tokay&#8220; im Alsace, &#8222;Grauer M\u00f6nch&#8220; in Ungarn. Er ist seit den 80er Jahren in Genf pr\u00e4sent, wo er hervorragende Ergebnisse erzielt. Seinen Namen verdankt er der Farbe seiner Beeren, die zu einem grau-rosa Farbton reifen. Es kann sowohl in trockenen als auch in flauschigen Weinen (Restzucker) vinifiziert werden. Wir haben uns entschieden, es trocken f\u00fcr Frische zu vinifizieren.<\/p>\n<p><strong>Charakter:<br \/>\n<\/strong> Duft: Die dominierenden Aromen sind Quitte oder Honig.<br \/>\nGeschmakt: Es gibt Quittenaromen. Es ist reich und gro\u00dfz\u00fcgig Erwein. Sehr geschmeidig und fleischig, es ist im Mund, dass es seinen ganzen Reichtum ausdr\u00fcckt.<\/p>\n<p><strong>Passend zu&#8230;<\/strong> Pr\u00e4chtig als Aperitif, kann er eine G\u00e4nseleberpastete oder einen frischen Lachs mit Brio begleiten.<\/p>\n","protected":false},"excerpt":{"rendered":"<p>Mutation von Pinot Noir, wird in Deutschland &#8222;Rulander&#8220; genannt, &#8222;Malvoisie&#8220; im Wallis, fr\u00fcher &#8222;Tokay&#8220; im Alsace, &#8222;Grauer M\u00f6nch&#8220; in Ungarn. Er ist seit den 80er Jahren in Genf pr\u00e4sent, wo er hervorragende Ergebnisse erzielt. Seinen Namen verdankt er der Farbe seiner Beeren, die zu einem grau-rosa Farbton reifen. Es kann sowohl in trockenen als auch in flauschigen Weinen (Restzucker) vinifiziert werden. Wir haben uns entschieden, es trocken f\u00fcr Frische zu vinifizieren.<\/p>\n<p><strong>Verkostung:<\/strong><br \/>\nIn der Nase: Die vorherrschenden Aromen sind Quitte oder Honig.<br \/>\nAm Gaumen: Es gibt Quittenaromen. Es ist reich und gro\u00dfz\u00fcgig Erwein. Sehr geschmeidig und fleischig, es ist im Mund, dass es seinen ganzen Reichtum ausdr\u00fcckt.<\/p>\n<p><strong>Weinpaarung:<\/strong><br \/>\nAls Aperitif kann er Foie Gras oder frischen Lachs mit Gusto begleiten.<\/p>\n","protected":false},"featured_media":33571,"template":"","meta":{"_et_pb_use_builder":"off","_et_pb_old_content":"<strong>Beschreibung :<\/strong> Mutation des Pinot Noir, wird in Deutschland \"Rul\u00e4nder\" genannt, im Wallis \"Malvoisie\", fr\u00fcher \"Tokay\" im Elsass, in Ungarn \"Moine gris\". Er ist seit den 80er Jahren in Genf pr\u00e4sent, wo er hervorragende Ergebnisse erzielt. Seinen Namen verdankt er der Farbe seiner Beeren, die zu einem grau-rosa Farbton reifen. Es kann sowohl in trockenen als auch in flauschigen Weinen (Restzucker) vinifiziert werden. Wir haben uns entschieden, ihn trocken zu vinifizieren, um mehr Frische zu erhalten. <strong>Charakter:<\/strong> Duft:In der Nase: Die dominierenden Aromen sind Quitte oder Honig. Geschmakt: Es gibt Quittenaromen. Es ist reich und gro\u00dfz\u00fcgig Erwein. Tr\u00e8s souple et charnu, c'est en bouche qu'il exprime toute sa richesse. <strong>Accord mets-vins :<\/strong> Somptueux \u00e0 l'ap\u00e9ritif il peut accompagner un foie gras ou un saumon frais avec brio. <strong>Temp\u00e9rature de consommation :<\/strong> 10-12 degr\u00e9s C. <strong>Conservation :<\/strong> Optimum : 1 ann\u00e9e de bouteille. Empfohlenes Maximum: 3-4 Jahre, evt. plus selon mill\u00e9simes. <strong>Contenances disponibles :<\/strong> 35cl. ; 50cl. ; 70cl. <strong>Conditionnement :<\/strong> 35cl. In: Kartons mit 12 Flaschen, Schraubverschluss. 50cl. In: Kartons mit 12 Flaschen, Schraubverschluss. 70cl. : Kartons mit 6 Flaschen, Kork.","_et_gb_content_width":""},"product_brand":[],"product_cat":[275],"product_tag":[],"class_list":{"0":"post-34165","1":"product","2":"type-product","3":"status-publish","4":"has-post-thumbnail","6":"product_cat-weissweine","8":"first","9":"instock","10":"taxable","11":"shipping-taxable","12":"purchasable","13":"product-type-variable","14":"has-default-attributes"},"aioseo_notices":[],"_links":{"self":[{"href":"https:\/\/www.les-faunes.ch\/de\/wp-json\/wp\/v2\/product\/34165","targetHints":{"allow":["GET"]}}],"collection":[{"href":"https:\/\/www.les-faunes.ch\/de\/wp-json\/wp\/v2\/product"}],"about":[{"href":"https:\/\/www.les-faunes.ch\/de\/wp-json\/wp\/v2\/types\/product"}],"wp:featuredmedia":[{"embeddable":true,"href":"https:\/\/www.les-faunes.ch\/de\/wp-json\/wp\/v2\/media\/33571"}],"wp:attachment":[{"href":"https:\/\/www.les-faunes.ch\/de\/wp-json\/wp\/v2\/media?parent=34165"}],"wp:term":[{"taxonomy":"product_brand","embeddable":true,"href":"https:\/\/www.les-faunes.ch\/de\/wp-json\/wp\/v2\/product_brand?post=34165"},{"taxonomy":"product_cat","embeddable":true,"href":"https:\/\/www.les-faunes.ch\/de\/wp-json\/wp\/v2\/product_cat?post=34165"},{"taxonomy":"product_tag","embeddable":true,"href":"https:\/\/www.les-faunes.ch\/de\/wp-json\/wp\/v2\/product_tag?post=34165"}],"curies":[{"name":"wp","href":"https:\/\/api.w.org\/{rel}","templated":true}]}}