{"id":573814,"date":"2019-12-16T11:18:27","date_gmt":"2019-12-16T10:18:27","guid":{"rendered":"https:\/\/www.les-faunes.ch\/nos-vins\/geschenkverpackung-aus-pappe-fur-schaumweine\/"},"modified":"2021-01-18T09:33:17","modified_gmt":"2021-01-18T08:33:17","slug":"stamm-1bt-fur-wein-sekt","status":"publish","type":"product","link":"https:\/\/www.les-faunes.ch\/de\/unsere-weine\/stamm-1bt-fur-wein-sekt\/","title":{"rendered":"Box 1bt f\u00fcr Sekt"},"content":{"rendered":"<p>Dieser Karton aus Wellpappe ist der beste Effekt, um unsere Sektflaschen zu verpacken.<\/p>\n<p>Er kann eine Flasche des Sektes Ihrer Wahl aufnehmen.<\/p>\n<p>Diese Boxen sind nur mit unseren eigenen Flaschen erh\u00e4ltlich und k\u00f6nnen nicht separat verkauft werden. Ein Versand ist m\u00f6glich, aber die Kartons werden von uns vorbereitet, da es f\u00fcr uns unm\u00f6glich ist, sie &#8222;zum Zusammenbau&#8220; an Sie zu versenden.<\/p>\n<p>Um diese Boxen zu bestellen, gehen Sie mit dem obigen Button direkt in die Kategorie <em>Schaum<\/em>. Wenn Sie eine Flasche Sekt bestellen, k\u00f6nnen Sie den Geschenkkarton hinzuf\u00fcgen.<\/p>\n","protected":false},"excerpt":{"rendered":"<p>Dieser Karton ist der beste Effekt f\u00fcr die Verpackung unserer Sektflaschen.<\/p>\n<p>Es kann eine Flasche Sekt Ihrer Wahl enthalten.<\/p>\n<p>Diese Kartons sind nur mit unseren eigenen Flaschen erh\u00e4ltlich und k\u00f6nnen nicht separat verkauft werden. Der Versand ist m\u00f6glich, aber die Kartons werden von uns vorbereitet, da wir sie nicht &#8222;montagefertig&#8220; versenden k\u00f6nnen.<\/p>\n<p>Um diese Kisten zu bestellen, gehen Sie mit dem obigen Button direkt in die Kategorie Sparkling. Wenn Sie eine Flasche Sekt bestellen, k\u00f6nnen Sie die Geschenkbox hinzuf\u00fcgen.<\/p>\n","protected":false},"featured_media":490395,"template":"","meta":{"_et_pb_use_builder":"off","_et_pb_old_content":"","_et_gb_content_width":""},"product_brand":[],"product_cat":[271],"product_tag":[],"class_list":{"0":"post-573814","1":"product","2":"type-product","3":"status-publish","4":"has-post-thumbnail","6":"product_cat-verpackung","7":"product_shipping_class-livraison-standard-de","9":"first","10":"instock","11":"taxable","12":"shipping-taxable","13":"product-type-external"},"aioseo_notices":[],"_links":{"self":[{"href":"https:\/\/www.les-faunes.ch\/de\/wp-json\/wp\/v2\/product\/573814","targetHints":{"allow":["GET"]}}],"collection":[{"href":"https:\/\/www.les-faunes.ch\/de\/wp-json\/wp\/v2\/product"}],"about":[{"href":"https:\/\/www.les-faunes.ch\/de\/wp-json\/wp\/v2\/types\/product"}],"wp:featuredmedia":[{"embeddable":true,"href":"https:\/\/www.les-faunes.ch\/de\/wp-json\/wp\/v2\/media\/490395"}],"wp:attachment":[{"href":"https:\/\/www.les-faunes.ch\/de\/wp-json\/wp\/v2\/media?parent=573814"}],"wp:term":[{"taxonomy":"product_brand","embeddable":true,"href":"https:\/\/www.les-faunes.ch\/de\/wp-json\/wp\/v2\/product_brand?post=573814"},{"taxonomy":"product_cat","embeddable":true,"href":"https:\/\/www.les-faunes.ch\/de\/wp-json\/wp\/v2\/product_cat?post=573814"},{"taxonomy":"product_tag","embeddable":true,"href":"https:\/\/www.les-faunes.ch\/de\/wp-json\/wp\/v2\/product_tag?post=573814"}],"curies":[{"name":"wp","href":"https:\/\/api.w.org\/{rel}","templated":true}]}}