{"id":580377,"date":"2021-10-27T19:01:20","date_gmt":"2021-10-27T17:01:20","guid":{"rendered":"https:\/\/www.les-faunes.ch\/nos-vins\/fine-lie-des-faunes\/"},"modified":"2024-03-09T14:57:00","modified_gmt":"2024-03-09T13:57:00","slug":"fine-lie-des-faunes","status":"publish","type":"product","link":"https:\/\/www.les-faunes.ch\/de\/unsere-weine\/fine-lie-des-faunes\/","title":{"rendered":"Fine Lie des Faunes"},"content":{"rendered":"<p>Der Fine Lie des Faunes wird durch Destillation des &#8222;Bodensatzes&#8220;, also eines Teils des Weins nach der G\u00e4rung, gewonnen.<\/p>\n<p>Diese Cuv\u00e9e wartete geduldig 20 Jahre in unseren Eichenf\u00e4ssern, bevor sie in Flaschen abgef\u00fcllt wurde und bereit zur Verkostung war.<\/p>\n<p>Rauchige Aromen, ein gro\u00dfer Stoff und eine Samtigkeit, die im Laufe der Jahre gewonnen wurden, werden auch die gr\u00f6\u00dften Liebhaber neuer Entdeckungen begeistern.<\/p>\n<p>Diese einst beliebte Spirituose ist ein wenig in Vergessenheit geraten, aber es ist der Leidenschaft einiger Winzer und dem Flei\u00df einiger gro\u00dfer Kenner zu verdanken, dass diese au\u00dfergew\u00f6hnlichen Cuv\u00e9es fortbestehen.<\/p>\n<p>Entdecken Sie sie sofort oder teilen Sie sie mit Ihren Freunden, die feine Rarit\u00e4ten lieben.<\/p>\n<p><strong><span style=\"color: #ff6600;\">Goldmedaille DistiSuisse 2021 Wettbewerb<\/span><\/strong><\/p>\n","protected":false},"excerpt":{"rendered":"<p>Der Fine Lie des Faunes wird durch Destillation des &#8222;Bodensatzes&#8220;, also eines Teils des Weins nach der G\u00e4rung, gewonnen. Diese Cuv\u00e9e wartete geduldig 20 Jahre in unseren Eichenf\u00e4ssern, bevor sie in Flaschen abgef\u00fcllt wurde und bereit zur Verkostung war. Rauchige Aromen, ein gro\u00dfer Stoff und eine Samtigkeit, die im Laufe der Jahre gewonnen wurden, werden [&hellip;]<\/p>\n","protected":false},"featured_media":580375,"template":"","meta":{"_et_pb_use_builder":"","_et_pb_old_content":"","_et_gb_content_width":""},"product_brand":[],"product_cat":[269],"product_tag":[],"class_list":{"0":"post-580377","1":"product","2":"type-product","3":"status-publish","4":"has-post-thumbnail","6":"product_cat-spirituosen","7":"product_shipping_class-versand-pro-einheit","9":"first","10":"instock","11":"taxable","12":"shipping-taxable","13":"purchasable","14":"product-type-simple"},"aioseo_notices":[],"_links":{"self":[{"href":"https:\/\/www.les-faunes.ch\/de\/wp-json\/wp\/v2\/product\/580377","targetHints":{"allow":["GET"]}}],"collection":[{"href":"https:\/\/www.les-faunes.ch\/de\/wp-json\/wp\/v2\/product"}],"about":[{"href":"https:\/\/www.les-faunes.ch\/de\/wp-json\/wp\/v2\/types\/product"}],"wp:featuredmedia":[{"embeddable":true,"href":"https:\/\/www.les-faunes.ch\/de\/wp-json\/wp\/v2\/media\/580375"}],"wp:attachment":[{"href":"https:\/\/www.les-faunes.ch\/de\/wp-json\/wp\/v2\/media?parent=580377"}],"wp:term":[{"taxonomy":"product_brand","embeddable":true,"href":"https:\/\/www.les-faunes.ch\/de\/wp-json\/wp\/v2\/product_brand?post=580377"},{"taxonomy":"product_cat","embeddable":true,"href":"https:\/\/www.les-faunes.ch\/de\/wp-json\/wp\/v2\/product_cat?post=580377"},{"taxonomy":"product_tag","embeddable":true,"href":"https:\/\/www.les-faunes.ch\/de\/wp-json\/wp\/v2\/product_tag?post=580377"}],"curies":[{"name":"wp","href":"https:\/\/api.w.org\/{rel}","templated":true}]}}