{"id":580559,"date":"2021-12-01T16:47:40","date_gmt":"2021-12-01T15:47:40","guid":{"rendered":"https:\/\/www.les-faunes.ch\/nos-vins\/rouge-bd-ausgabe-2021\/"},"modified":"2025-11-10T10:36:57","modified_gmt":"2025-11-10T09:36:57","slug":"rogebd-v2021","status":"publish","type":"product","link":"https:\/\/www.les-faunes.ch\/de\/unsere-weine\/rogebd-v2021\/","title":{"rendered":"Rouge BD &#8211; Ausgabe 2021"},"content":{"rendered":"<p>Die Cuv\u00e9e <strong>RougeBD<\/strong>, die aus der Lust am Spa\u00df entstanden ist, pr\u00e4sentiert jedes Jahr die Arbeit eines anderen Illustrators\/Zeichners, dem bei der Gestaltung des Etiketts freie Hand gelassen wird.<\/p>\n<p>F\u00fcr diese erste Version hat uns der belgische Zeichner <strong>Olivier Neuray<\/strong> die Ehre erwiesen, seine Zeichnung f\u00fcr diesen frischen Blend aus Syrah, Cabernet Sauvignon und Merlot zu zeichnen.<\/p>\n<p>Zwei Jahre Ausbau in Barriques, Struktur, aber keine Schwere. Diese Cuv\u00e9e respektiert die Frucht unserer Trauben, bleibt frisch und bek\u00f6mmlich, w\u00e4hrend sie unsere Sinne mit ihren weichen Tanninen angreift.<\/p>\n<p>Gute Entdeckung!<\/p>\n<p>Entdecken Sie die Arbeit von Olivier Neuray auf seiner Website: <a href=\"https:\/\/olivier-neuray.com\">olivier-neuray.com<\/a><\/p>\n","protected":false},"excerpt":{"rendered":"<p>Die Cuv\u00e9e RougeBD, die aus der Lust am Spa\u00df entstanden ist, pr\u00e4sentiert jedes Jahr die Arbeit eines anderen Illustrators\/Zeichners, dem bei der Gestaltung des Etiketts freie Hand gelassen wird. F\u00fcr diese erste Version hat uns der belgische Zeichner Olivier Neuray die Ehre erwiesen, seine Zeichnung f\u00fcr diesen frischen Blend aus Syrah, Cabernet Sauvignon und Merlot [&hellip;]<\/p>\n","protected":false},"featured_media":580552,"template":"","meta":{"_et_pb_use_builder":"off","_et_pb_old_content":"Die Cuv\u00e9e <strong>RougeBD<\/strong>, die aus der Lust am Spa\u00df entstanden ist, pr\u00e4sentiert jedes Jahr die Arbeit eines anderen Illustrators\/Zeichners, dem bei der Gestaltung des Etiketts freie Hand gelassen wird.\n\nF\u00fcr diese erste Version hat uns der belgische Zeichner Olivier Neuray mit seiner Zeichnung f\u00fcr diese frische Assemblage aus Pinot Noir, Syrah und Gamaret die Ehre erwiesen.\n\nZwei Jahre Ausbau in Barriques, Struktur, aber keine Schwere. Diese Cuv\u00e9e respektiert die Frucht unserer Trauben, bleibt frisch und bek\u00f6mmlich, w\u00e4hrend sie unsere Sinne mit ihren weichen Tanninen angreift.\n\nGute Entdeckung!\n\nZ\u00f6gern Sie nicht, die Arbeit von Olivier Neury auf seiner Website zu entdecken: <a href=\"https:\/\/olivier-neuray.com\">olivier-neuray.com<\/a>","_et_gb_content_width":""},"product_brand":[],"product_cat":[278],"product_tag":[],"class_list":{"0":"post-580559","1":"product","2":"type-product","3":"status-publish","4":"has-post-thumbnail","6":"product_cat-rotweine","8":"first","9":"instock","10":"taxable","11":"shipping-taxable","12":"purchasable","13":"product-type-simple"},"aioseo_notices":[],"_links":{"self":[{"href":"https:\/\/www.les-faunes.ch\/de\/wp-json\/wp\/v2\/product\/580559","targetHints":{"allow":["GET"]}}],"collection":[{"href":"https:\/\/www.les-faunes.ch\/de\/wp-json\/wp\/v2\/product"}],"about":[{"href":"https:\/\/www.les-faunes.ch\/de\/wp-json\/wp\/v2\/types\/product"}],"wp:featuredmedia":[{"embeddable":true,"href":"https:\/\/www.les-faunes.ch\/de\/wp-json\/wp\/v2\/media\/580552"}],"wp:attachment":[{"href":"https:\/\/www.les-faunes.ch\/de\/wp-json\/wp\/v2\/media?parent=580559"}],"wp:term":[{"taxonomy":"product_brand","embeddable":true,"href":"https:\/\/www.les-faunes.ch\/de\/wp-json\/wp\/v2\/product_brand?post=580559"},{"taxonomy":"product_cat","embeddable":true,"href":"https:\/\/www.les-faunes.ch\/de\/wp-json\/wp\/v2\/product_cat?post=580559"},{"taxonomy":"product_tag","embeddable":true,"href":"https:\/\/www.les-faunes.ch\/de\/wp-json\/wp\/v2\/product_tag?post=580559"}],"curies":[{"name":"wp","href":"https:\/\/api.w.org\/{rel}","templated":true}]}}