{"id":15357,"date":"2019-09-26T14:33:23","date_gmt":"2019-09-26T12:33:23","guid":{"rendered":"https:\/\/www.les-faunes.ch\/roses-wines\/"},"modified":"2019-12-02T17:08:28","modified_gmt":"2019-12-02T16:08:28","slug":"roses-wines","status":"publish","type":"page","link":"https:\/\/www.les-faunes.ch\/en\/roses-wines\/","title":{"rendered":"Ros\u00e9s Wines"},"content":{"rendered":"<p>[et_pb_section fb_built=&#8221;1&#8243; fullwidth=&#8221;on&#8221; _builder_version=&#8221;3.29.1&#8243; background_image=&#8221;https:\/\/www.les-faunes.ch\/wp-content\/uploads\/2019\/09\/vin-rose-verres-square.jpg&#8221;][et_pb_fullwidth_post_title meta=&#8221;off&#8221; featured_image=&#8221;off&#8221; text_color=&#8221;light&#8221; _builder_version=&#8221;3.29.1&#8243; title_font=&#8221;Brandon Bold|||on|||||&#8221; title_font_size=&#8221;40px&#8221; custom_margin=&#8221;||||false|false&#8221; custom_padding=&#8221;||20px||false|false&#8221;][\/et_pb_fullwidth_post_title][\/et_pb_section][et_pb_section fb_built=&#8221;1&#8243; _builder_version=&#8221;4.0.1&#8243; custom_padding=&#8221;20px||3px||false|false&#8221;][et_pb_row _builder_version=&#8221;3.29.3&#8243;][et_pb_column type=&#8221;4_4&#8243; _builder_version=&#8221;3.29.3&#8243;][et_pb_text admin_label=&#8221;Titre qu&#8217;est-ce qu&#8217;un vin ros\u00e9&#8221; _builder_version=&#8221;4.0.6&#8243; text_font=&#8221;Brandon Med|||on|||||&#8221; text_text_color=&#8221;#c89e5a&#8221; text_font_size=&#8221;27px&#8221; hover_enabled=&#8221;0&#8243; text_line_height=&#8221;1.3em&#8221;]How is a ros\u00e9 wine made ?[\/et_pb_text][et_pb_text _builder_version=&#8221;3.29.3&#8243; custom_padding=&#8221;20px|||||&#8221;]La question nous est souvent pos\u00e9e : un ros\u00e9, c&#8217;est un c\u00e9page rouge ou blanc ?<\/p>\n<p>Le fait est que le vin ros\u00e9 est exclusivement vinifi\u00e9 \u00e0 partir de raisins rouge. Pour preuve, nos deux ros\u00e9s sont issus du Gamay ou du Pinot Noir. Vous pouvez \u00e9galement trouver parfois des ros\u00e9s de Gamaret ou de Syrah.<\/p>\n<p>La couleur est obtenue par une courte mac\u00e9ration de la peau des raisins avec le jus. Une mac\u00e9ration plus longue m\u00e8nerait \u00e0 un vin rouge, simplement.<\/p>\n<p>Ces mac\u00e9rations courtes, permettent d&#8217;obtenir des vins plus ou moins teint\u00e9s selon le temps de cuvage. Court = clair ; long = fonc\u00e9.[\/et_pb_text][\/et_pb_column][\/et_pb_row][\/et_pb_section][et_pb_section fb_built=&#8221;1&#8243; _builder_version=&#8221;3.29.1&#8243; custom_padding=&#8221;30px|||||&#8221; collapsed=&#8221;off&#8221;][et_pb_row column_structure=&#8221;1_2,1_2&#8243; admin_label=&#8221;Ros\u00e9 de Gamay &#8211; gauche&#8221; _builder_version=&#8221;3.29.3&#8243; locked=&#8221;off&#8221; collapsed=&#8221;off&#8221;][et_pb_column type=&#8221;1_2&#8243; _builder_version=&#8221;3.29.3&#8243;][et_pb_wc_images product=&#8221;62&#8243; show_product_gallery=&#8221;off&#8221; _builder_version=&#8221;3.29.3&#8243; max_width=&#8221;50%&#8221; max_width_tablet=&#8221;71%&#8221; max_width_phone=&#8221;91%&#8221; max_width_last_edited=&#8221;on|tablet&#8221; module_alignment=&#8221;right&#8221; module_alignment_tablet=&#8221;center&#8221; module_alignment_phone=&#8221;&#8221; module_alignment_last_edited=&#8221;on|tablet&#8221;][\/et_pb_wc_images][\/et_pb_column][et_pb_column type=&#8221;1_2&#8243; _builder_version=&#8221;3.29.3&#8243;][et_pb_wc_title product=&#8221;62&#8243; _builder_version=&#8221;4.0.1&#8243; header_font=&#8221;Brandon Bold|||on|||||&#8221; header_text_color=&#8221;#c89e5a&#8221; header_font_size=&#8221;33px&#8221; custom_margin=&#8221;||16px|||&#8221;][\/et_pb_wc_title][et_pb_text _builder_version=&#8221;3.29.3&#8243; custom_margin=&#8221;20px||||false|false&#8221; button_alignment_last_edited=&#8221;on|tablet&#8221; button_alignment_tablet=&#8221;left&#8221; button_text_color__hover=&#8221;#c89e5a&#8221; button_text_color__hover_enabled=&#8221;on|desktop&#8221; button_icon_color__hover=&#8221;#e09900&#8243; button_icon_color__hover_enabled=&#8221;on|hover&#8221;]The ros\u00e9 of Gamay comes from a red grape, Gamay. The vinification is performed differently from the Gamay red wine, and this is what gives it its pink color and fresher aromas\u00a0 than the red. This ros\u00e9 is the result of &#8220;bleeding&#8221;, as opposed to &#8220;direct pressure&#8221;. The &#8220;bleeding&#8221; process involves macerating the juice with the grape skins for a few hours before pressing. It is this which gives the grape juice colour by diffusing the dyes contained in the grape skin.<\/p>\n<p><strong>Tasting:<\/strong><br \/>\nBouquet: Fresh with notes of red fruit and strawberry.<br \/>\nPalate: This ros\u00e9 is fresh and fruity, with a slight sugary note, which brings body to the wine and a longer finish.<\/p>\n<p><strong>Accompagnies:<\/strong><br \/>\nFresh and light, it is the ideal wine for summer aperitifs. Is also perfect with grilled meats.[\/et_pb_text][et_pb_button button_url=&#8221;@ET-DC@eyJkeW5hbWljIjp0cnVlLCJjb250ZW50IjoicG9zdF9saW5rX3VybF9wcm9kdWN0Iiwic2V0dGluZ3MiOnsicG9zdF9pZCI6IjYyIn19@&#8221; button_text=&#8221;Details&#8221; _builder_version=&#8221;4.0.5&#8243; _dynamic_attributes=&#8221;button_url&#8221; button_text_size=&#8221;18&#8243; button_font=&#8221;|||on|||||&#8221; button_on_hover=&#8221;off&#8221; custom_margin=&#8221;20px||||false|false&#8221; button_text_color__hover=&#8221;#c89e5a&#8221; button_text_color__hover_enabled=&#8221;on|desktop&#8221; button_icon_color__hover=&#8221;#e09900&#8243; button_icon_color__hover_enabled=&#8221;on|hover&#8221;][\/et_pb_button][\/et_pb_column][\/et_pb_row][et_pb_row admin_label=&#8221;S\u00e9parateur&#8221; _builder_version=&#8221;3.29.3&#8243; locked=&#8221;off&#8221; collapsed=&#8221;on&#8221;][et_pb_column type=&#8221;4_4&#8243; _builder_version=&#8221;3.29.1&#8243;][et_pb_image src=&#8221;https:\/\/www.les-faunes.ch\/wp-content\/uploads\/2019\/10\/separateur.png&#8221; align=&#8221;center&#8221; admin_label=&#8221;Image s\u00e9parateur&#8221; _builder_version=&#8221;3.29.3&#8243;][\/et_pb_image][\/et_pb_column][\/et_pb_row][et_pb_row column_structure=&#8221;1_2,1_2&#8243; admin_label=&#8221;Ros\u00e9 de Pinot &#8211; droite&#8221; module_class=&#8221;custom_row&#8221; _builder_version=&#8221;3.29.3&#8243; locked=&#8221;off&#8221; collapsed=&#8221;off&#8221;][et_pb_column type=&#8221;1_2&#8243; module_class=&#8221;second-on-mobile&#8221; admin_label=&#8221;Colonne description&#8221; _builder_version=&#8221;3.29.3&#8243;][et_pb_wc_title product=&#8221;72&#8243; _builder_version=&#8221;4.0.6&#8243; header_font=&#8221;Brandon Bold|||on|||||&#8221; header_text_align=&#8221;right&#8221; header_text_color=&#8221;#c89e5a&#8221; header_font_size=&#8221;33px&#8221; custom_margin=&#8221;||16px|||&#8221; header_text_align_tablet=&#8221;left&#8221; header_text_align_phone=&#8221;&#8221; header_text_align_last_edited=&#8221;on|tablet&#8221;][\/et_pb_wc_title][et_pb_text _builder_version=&#8221;3.29.3&#8243; text_orientation=&#8221;right&#8221; text_orientation_tablet=&#8221;left&#8221; text_orientation_phone=&#8221;&#8221; text_orientation_last_edited=&#8221;on|phone&#8221;]Grown for a long time in the French Bourgogne region, Pinot Noir is one of the great French grape varieties which has also shown itself to be well adapted to the Geneva climate.\u00a0 We have been producing Pinot Noir Ros\u00e9 in the winery for more than 15 years. The Pinot Noir grape gives a Ros\u00e9 more delicate flavour and full bodied than the Gamay grape, and is therefore better suited to accompagnying a meal. This a Ros\u00e9 which can be appreciated all year round.<\/p>\n<p><strong>Tasting:<\/strong><br \/>\nBouquet: White flowers, white currants and\u00a0 light notes of pineapple.<br \/>\nPalate:\u00a0 More (\u00a0tendue\u00a0?? )\u00a0 than Gamay Ros\u00e9 with a more lively structure,\u00a0 perfect with its accompagniment.<\/p>\n<p><strong>Accompagnies:<\/strong><br \/>\nAsian or spicy dishes.[\/et_pb_text][et_pb_button button_url=&#8221;@ET-DC@eyJkeW5hbWljIjp0cnVlLCJjb250ZW50IjoicG9zdF9saW5rX3VybF9wcm9kdWN0Iiwic2V0dGluZ3MiOnsicG9zdF9pZCI6IjcyIn19@&#8221; button_text=&#8221;Details&#8221; button_alignment=&#8221;right&#8221; button_alignment_tablet=&#8221;left&#8221; button_alignment_phone=&#8221;&#8221; button_alignment_last_edited=&#8221;on|tablet&#8221; _builder_version=&#8221;4.0.5&#8243; _dynamic_attributes=&#8221;button_url&#8221; button_text_size=&#8221;18&#8243; button_font=&#8221;|||on|||||&#8221; button_on_hover=&#8221;off&#8221; custom_margin=&#8221;20px||||false|false&#8221; button_text_color__hover=&#8221;#c89e5a&#8221; button_text_color__hover_enabled=&#8221;on|desktop&#8221; button_icon_color__hover=&#8221;#e09900&#8243; button_icon_color__hover_enabled=&#8221;on|hover&#8221;][\/et_pb_button][\/et_pb_column][et_pb_column type=&#8221;1_2&#8243; module_class=&#8221;first-on-mobile&#8221; admin_label=&#8221;Colonne image&#8221; _builder_version=&#8221;3.29.3&#8243;][et_pb_wc_images product=&#8221;72&#8243; _builder_version=&#8221;3.29.3&#8243; max_width=&#8221;50%&#8221; max_width_tablet=&#8221;71%&#8221; max_width_phone=&#8221;91%&#8221; max_width_last_edited=&#8221;on|tablet&#8221; module_alignment=&#8221;left&#8221; module_alignment_tablet=&#8221;center&#8221; module_alignment_phone=&#8221;&#8221; module_alignment_last_edited=&#8221;on|tablet&#8221;][\/et_pb_wc_images][\/et_pb_column][\/et_pb_row][\/et_pb_section]<\/p>\n","protected":false},"excerpt":{"rendered":"<p>How is a ros\u00e9 wine made ?La question nous est souvent pos\u00e9e : un ros\u00e9, c&#8217;est un c\u00e9page rouge ou blanc ? Le fait est que le vin ros\u00e9 est exclusivement vinifi\u00e9 \u00e0 partir de raisins rouge. Pour preuve, nos deux ros\u00e9s sont issus du Gamay ou du Pinot Noir. Vous pouvez \u00e9galement trouver parfois [&hellip;]<\/p>\n","protected":false},"author":1,"featured_media":0,"parent":0,"menu_order":0,"comment_status":"closed","ping_status":"closed","template":"","meta":{"_et_pb_use_builder":"on","_et_pb_old_content":"","_et_gb_content_width":"","footnotes":""},"class_list":["post-15357","page","type-page","status-publish","hentry"],"aioseo_notices":[],"_links":{"self":[{"href":"https:\/\/www.les-faunes.ch\/en\/wp-json\/wp\/v2\/pages\/15357","targetHints":{"allow":["GET"]}}],"collection":[{"href":"https:\/\/www.les-faunes.ch\/en\/wp-json\/wp\/v2\/pages"}],"about":[{"href":"https:\/\/www.les-faunes.ch\/en\/wp-json\/wp\/v2\/types\/page"}],"author":[{"embeddable":true,"href":"https:\/\/www.les-faunes.ch\/en\/wp-json\/wp\/v2\/users\/1"}],"replies":[{"embeddable":true,"href":"https:\/\/www.les-faunes.ch\/en\/wp-json\/wp\/v2\/comments?post=15357"}],"version-history":[{"count":0,"href":"https:\/\/www.les-faunes.ch\/en\/wp-json\/wp\/v2\/pages\/15357\/revisions"}],"wp:attachment":[{"href":"https:\/\/www.les-faunes.ch\/en\/wp-json\/wp\/v2\/media?parent=15357"}],"curies":[{"name":"wp","href":"https:\/\/api.w.org\/{rel}","templated":true}]}}