{"id":33828,"date":"2016-07-06T19:34:16","date_gmt":"2016-07-06T17:34:16","guid":{"rendered":"https:\/\/www.les-faunes.ch\/nos-vins\/rose-de-pinot\/"},"modified":"2024-07-01T10:08:30","modified_gmt":"2024-07-01T08:08:30","slug":"rose-de-pinot","status":"publish","type":"product","link":"https:\/\/www.les-faunes.ch\/en\/our-wines\/rose-de-pinot\/","title":{"rendered":"Ros\u00e9 de Pinot Noir"},"content":{"rendered":"<p><span style=\"color: #ff0000;\"><strong>This reference has been discontinued<\/strong><\/span><\/p>\n<p>Long cultivated in Burgundy, Pinot Noir is one of the great French grape varieties that has adapted well to the Geneva climate. Pinot Noir ros\u00e9 winemaking has been practised on the estate for more than thirty years. The Ros\u00e9 de Pinot will produce wines that are finer and more structured than the Ros\u00e9 de Gamay, so it will be intended to be consumed with the meal. It is a ros\u00e9 that can be enjoyed throughout the year.<\/p>\n<p><strong>Tasting:<\/strong><br \/>\nOn the nose: white flowers, redcrant and light pineapple notes.<br \/>\nIn the mouth: more tense than the Ros\u00e9 de Gamay with a more lively structure that will support its accompaniment.<\/p>\n<p><strong>Food and wine pairing:<\/strong><br \/>\nAsian or spicy cuisine. Sushi.<\/p>\n","protected":false},"excerpt":{"rendered":"<p>Long cultivated in Burgundy, Pinot Noir is one of the great French grape varieties that has adapted well to the Geneva climate. Pinot Noir ros\u00e9 winemaking has been practised on the estate for more than thirty years. The Ros\u00e9 de Pinot will produce wines that are finer and more structured than the Ros\u00e9 de Gamay, so it will be intended to be consumed with the meal. It is a ros\u00e9 that can be enjoyed throughout the year.<\/p>\n<p><strong>Tasting:<\/strong><br \/>\nOn the nose: white flowers, redcrant and light pineapple notes.<br \/>\nIn the mouth: more tense than the Ros\u00e9 de Gamay with a more lively structure that will support its accompaniment.<\/p>\n<p><strong>Food and wine pairing:<\/strong><br \/>\nAsian or spicy cuisine. Sushi.<\/p>\n","protected":false},"featured_media":33582,"template":"","meta":{"_et_pb_use_builder":"off","_et_pb_old_content":"<strong>Description:<\/strong>\nAlready cultivated in the Bourgogne region of France for many years, Pinot Noir is one of the great French wines that have successfully adapted to the Geneva climate. Pinot Noir ros\u00e9 winemaking has been practised on the estate for more than thirty years. The Ros\u00e9 de Pinot will produce wines that are finer and more structured than the Ros\u00e9 de Gamay, so it will be intended to be consumed with the meal. It is a ros\u00e9 that can be enjoyed throughout the year.\n\n<strong>Tasting:<\/strong>\nOn the nose: white flowers, redcrant and light pineapple notes.\nIn the mouth: more tense than the Ros\u00e9 de Gamay with a more lively structure that will support its accompaniment.\n\n<strong>Food and wine pairing:<\/strong>\nAsian or spicy cuisine. Sushi.\n\n<strong>Consumption temperature:<\/strong>\n10-12 degrees C.\n\n<strong>Conservation:<\/strong>\nOptimum: 1-2 years.\nRecommended maximum: 4 years\n\n<strong>Available cases:<\/strong>\n50cl. ; 70cl.\n\n<strong>Packaging:<\/strong>\n50cl. In: Cartons of 12 bottles, screw caps.\n70cl. : Cartons of 6 bottles, cork.","_et_gb_content_width":""},"product_brand":[],"product_cat":[],"product_tag":[],"class_list":{"0":"post-33828","1":"product","2":"type-product","3":"status-publish","4":"has-post-thumbnail","7":"first","8":"outofstock","9":"taxable","10":"shipping-taxable","11":"purchasable","12":"product-type-variable","13":"has-default-attributes"},"aioseo_notices":[],"_links":{"self":[{"href":"https:\/\/www.les-faunes.ch\/en\/wp-json\/wp\/v2\/product\/33828","targetHints":{"allow":["GET"]}}],"collection":[{"href":"https:\/\/www.les-faunes.ch\/en\/wp-json\/wp\/v2\/product"}],"about":[{"href":"https:\/\/www.les-faunes.ch\/en\/wp-json\/wp\/v2\/types\/product"}],"wp:featuredmedia":[{"embeddable":true,"href":"https:\/\/www.les-faunes.ch\/en\/wp-json\/wp\/v2\/media\/33582"}],"wp:attachment":[{"href":"https:\/\/www.les-faunes.ch\/en\/wp-json\/wp\/v2\/media?parent=33828"}],"wp:term":[{"taxonomy":"product_brand","embeddable":true,"href":"https:\/\/www.les-faunes.ch\/en\/wp-json\/wp\/v2\/product_brand?post=33828"},{"taxonomy":"product_cat","embeddable":true,"href":"https:\/\/www.les-faunes.ch\/en\/wp-json\/wp\/v2\/product_cat?post=33828"},{"taxonomy":"product_tag","embeddable":true,"href":"https:\/\/www.les-faunes.ch\/en\/wp-json\/wp\/v2\/product_tag?post=33828"}],"curies":[{"name":"wp","href":"https:\/\/api.w.org\/{rel}","templated":true}]}}