{"id":33831,"date":"2016-07-06T18:59:26","date_gmt":"2016-07-06T16:59:26","guid":{"rendered":"https:\/\/www.les-faunes.ch\/nos-vins\/viognier\/"},"modified":"2025-02-13T14:04:29","modified_gmt":"2025-02-13T13:04:29","slug":"viognier","status":"publish","type":"product","link":"https:\/\/www.les-faunes.ch\/en\/our-wines\/viognier\/","title":{"rendered":"Viognier"},"content":{"rendered":"<p>Viognier is a grape variety native to the northern Rhone coasts. Il est cultiv\u00e9 \u00e0 Gen\u00e8ve depuis les ann\u00e9es 90. Le Viognier donnera des vins ar\u00f4matiques mais qui demanderont souvent un peu de temps pour s&#8217;ouvrir et exprimer tout leur potentiel.<\/p>\n<p><strong>Tasting:<\/strong><br \/>\nNose: the typical aromas of Viognier such as peach or apricot are very present.<br \/>\nEn bouche : malgr\u00e9 l&#8217;\u00e9levage de 4 mois environ en barriques, le bois\u00e9 n&#8217;est pas trop marqu\u00e9 et laisse une belle place au fruit\u00e9. Le vin est sec et structur\u00e9.<\/p>\n","protected":false},"excerpt":{"rendered":"<p>The Viognier is a grape native to the northern Cotes du Rhone. It has been  cultivated in Geneva since the 90s.<\/p>\n<p><strong>Tasting notes:<\/strong><br \/>\nBouquet: Aromas typical of Viognier like the peach and apricot are present.<br \/>\nPalate: Despite being aged in oak barrels for about four months, the wood flavour is not overpowering, and lets the fruitiness of the wine express itself. The wine is dry and full bodied.<\/p>\n","protected":false},"featured_media":33572,"template":"","meta":{"_et_pb_use_builder":"off","_et_pb_old_content":"<strong>Millisimal current :\n<\/strong>70cl. - 2018\n<p class=\"p1\"><strong>C\u00e9page :\n<\/strong>Viognier 100%\nElevage en f\u00fbt de ch\u00eane.<\/p>\n<p class=\"p2\"><strong>Appellation :\n<\/strong>AOC Gen\u00e8ve<\/p>\n<p class=\"p2\"><strong>Description :\n<\/strong>Le Viognier est un c\u00e9page originaire des c\u00f4tes du rh\u00f4ne septentrionales. Il est cultiv\u00e9 \u00e0 Gen\u00e8ve depuis les ann\u00e9es 90. Le Viognier donnera des vins ar\u00f4matiques mais qui demanderont souvent un peu de temps pour s'ouvrir et exprimer tout leur potentiel.<\/p>\n<p class=\"p2\"><strong>D\u00e9gustation :\n<\/strong>Au nez : les ar\u00f4mes typiques du Viognier tels la p\u00eache ou l'abricot sont bien pr\u00e9sents.\nEn bouche : malgr\u00e9 l'\u00e9levage de 4 mois environ en barriques, le bois\u00e9 n'est pas trop marqu\u00e9 et laisse une belle place au fruit\u00e9. Le vin est sec et structur\u00e9.<\/p>\n<p class=\"p2\"><strong>Accord mets-vins :\n<\/strong>Hormis les poissons, le Viognier pourra vous \u00e9tonner sur une viande d'agneau.<\/p>\n<p class=\"p2\"><strong>Consumption temperature: \n <\/strong>10-12 degrees C.<\/p>\n<p class=\"p2\"><strong>Conservation :\n<\/strong>Optimum : 1-2 ans.\nMaximum conseill\u00e9 : 5 ans<\/p>\n<p class=\"p2\"><strong>Available sizes:  \n <\/strong>70cl.<\/p>\n<p class=\"p2\"><strong>Packaging:  \n <\/strong>6 bottles boxes<\/p>\n<strong>Distinctions :\n<\/strong>2017 - M\u00e9dialle d'argent - S\u00e9l\u00e9ction des vins de Gen\u00e8ve.","_et_gb_content_width":""},"product_brand":[],"product_cat":[219],"product_tag":[],"class_list":{"0":"post-33831","1":"product","2":"type-product","3":"status-publish","4":"has-post-thumbnail","6":"product_cat-white-wines","8":"first","9":"instock","10":"taxable","11":"shipping-taxable","12":"purchasable","13":"product-type-simple"},"aioseo_notices":[],"_links":{"self":[{"href":"https:\/\/www.les-faunes.ch\/en\/wp-json\/wp\/v2\/product\/33831","targetHints":{"allow":["GET"]}}],"collection":[{"href":"https:\/\/www.les-faunes.ch\/en\/wp-json\/wp\/v2\/product"}],"about":[{"href":"https:\/\/www.les-faunes.ch\/en\/wp-json\/wp\/v2\/types\/product"}],"wp:featuredmedia":[{"embeddable":true,"href":"https:\/\/www.les-faunes.ch\/en\/wp-json\/wp\/v2\/media\/33572"}],"wp:attachment":[{"href":"https:\/\/www.les-faunes.ch\/en\/wp-json\/wp\/v2\/media?parent=33831"}],"wp:term":[{"taxonomy":"product_brand","embeddable":true,"href":"https:\/\/www.les-faunes.ch\/en\/wp-json\/wp\/v2\/product_brand?post=33831"},{"taxonomy":"product_cat","embeddable":true,"href":"https:\/\/www.les-faunes.ch\/en\/wp-json\/wp\/v2\/product_cat?post=33831"},{"taxonomy":"product_tag","embeddable":true,"href":"https:\/\/www.les-faunes.ch\/en\/wp-json\/wp\/v2\/product_tag?post=33831"}],"curies":[{"name":"wp","href":"https:\/\/api.w.org\/{rel}","templated":true}]}}