{"id":33837,"date":"2016-06-20T18:36:45","date_gmt":"2016-06-20T16:36:45","guid":{"rendered":"https:\/\/www.les-faunes.ch\/nos-vins\/sauvignon-blanc\/"},"modified":"2023-04-28T08:45:39","modified_gmt":"2023-04-28T06:45:39","slug":"sauvignon-blanc","status":"publish","type":"product","link":"https:\/\/www.les-faunes.ch\/en\/our-wines\/sauvignon-blanc\/","title":{"rendered":"Sauvignon Blanc"},"content":{"rendered":"<p class=\"p2\">Sauvignon Blanc is a world-famous grape variety, present in many countries such as France, the United States or South Africa.<\/p>\n<p class=\"p2\"><strong>Tasting notes:<br \/>\n<\/strong> Bouquet: the dominant citrus \/ grapefruit, there is also some flavor of passion fruit and mango.<\/p>\n<p>Palate: Sauvignon produces wines of great freshness characterized by recalling the typical acidity of citrus. This acidity gives this Sauvignon a fresh and quenching profile without equal.<\/p>\n<p class=\"p2\"><strong>Accord mets-vins :<br \/>\n<\/strong>De pr\u00e9f\u00e9rence \u00e0 l&#8217;ap\u00e9ritif mais accompagnera bien les poissons et crustac\u00e9s ou les fromages secs.<\/p>\n","protected":false},"excerpt":{"rendered":"<p class=\"p2\">Sauvignon Blanc is a world-famous grape variety, present in many countries such as France, the United States or South Africa.<\/p>\n<p class=\"p2\"><strong>Tasting:<br \/>\n <\/strong>In the nose: the dominant is citrus\/grapefruit, there are also some aromas of passion fruit and mango.<\/p>\n<p>Palate: Sauvignon produces wines of great freshness characterized by recalling the typical acidity of citrus. This acidity gives this Sauvignon a fresh and quenching profile without equal.<\/p>\n<p class=\"p2\"><strong>Wine pairing:<br \/>\n <\/strong>Preferably as an aperitif but will go well with fish and shellfish or dry cheeses.<\/p>\n","protected":false},"featured_media":33576,"template":"","meta":{"_et_pb_use_builder":"off","_et_pb_old_content":"<p class=\"p2\"><strong>Tasting notes:\n<\/strong> Bouquet: the dominant citrus \/ grapefruit, there is also some flavor of passion fruit and mango.<\/p>\nPalate: Sauvignon produces wines of great freshness characterized by recalling the typical acidity of citrus. This acidity gives this Sauvignon a fresh and quenching profile without equal.\n<p class=\"p2\"><strong>Accord mets-vins :\n<\/strong>De pr\u00e9f\u00e9rence \u00e0 l'ap\u00e9ritif mais accompagnera bien les poissons et crustac\u00e9s ou les fromages secs.<\/p>\n<p class=\"p2\"><strong>Consumption temperature: \n <\/strong>10-12 degrees C.<\/p>\n<p class=\"p2\"><strong>Conservation:  \n <\/strong>Optimum: 1 year.\nRecommended maximum: 3-4 years<\/p>\n<p class=\"p2\"><strong>Available sizes:  \n <\/strong>70cl.<\/p>\n<p class=\"p2\"><strong>Packaging:  \n <\/strong>6 bottles boxes<\/p>","_et_gb_content_width":""},"product_brand":[],"product_cat":[219],"product_tag":[],"class_list":{"0":"post-33837","1":"product","2":"type-product","3":"status-publish","4":"has-post-thumbnail","6":"product_cat-white-wines","8":"first","9":"instock","10":"taxable","11":"shipping-taxable","12":"purchasable","13":"product-type-simple"},"aioseo_notices":[],"_links":{"self":[{"href":"https:\/\/www.les-faunes.ch\/en\/wp-json\/wp\/v2\/product\/33837","targetHints":{"allow":["GET"]}}],"collection":[{"href":"https:\/\/www.les-faunes.ch\/en\/wp-json\/wp\/v2\/product"}],"about":[{"href":"https:\/\/www.les-faunes.ch\/en\/wp-json\/wp\/v2\/types\/product"}],"wp:featuredmedia":[{"embeddable":true,"href":"https:\/\/www.les-faunes.ch\/en\/wp-json\/wp\/v2\/media\/33576"}],"wp:attachment":[{"href":"https:\/\/www.les-faunes.ch\/en\/wp-json\/wp\/v2\/media?parent=33837"}],"wp:term":[{"taxonomy":"product_brand","embeddable":true,"href":"https:\/\/www.les-faunes.ch\/en\/wp-json\/wp\/v2\/product_brand?post=33837"},{"taxonomy":"product_cat","embeddable":true,"href":"https:\/\/www.les-faunes.ch\/en\/wp-json\/wp\/v2\/product_cat?post=33837"},{"taxonomy":"product_tag","embeddable":true,"href":"https:\/\/www.les-faunes.ch\/en\/wp-json\/wp\/v2\/product_tag?post=33837"}],"curies":[{"name":"wp","href":"https:\/\/api.w.org\/{rel}","templated":true}]}}