{"id":33838,"date":"2016-06-20T17:53:19","date_gmt":"2016-06-20T15:53:19","guid":{"rendered":"https:\/\/www.les-faunes.ch\/nos-vins\/gamay-les-faunes\/"},"modified":"2024-03-13T09:40:35","modified_gmt":"2024-03-13T08:40:35","slug":"gamay","status":"publish","type":"product","link":"https:\/\/www.les-faunes.ch\/en\/our-wines\/gamay\/","title":{"rendered":"Gamay Les Faunes"},"content":{"rendered":"<p>Gamay is a grape variety of French origin planted mainly in the Beaujolais region. It is a cross between Pinot noir and <a href=\"https:\/\/fr.wikipedia.org\/wiki\/Gouais\" target=\"_blank\" rel=\"noopener noreferrer\">Gouais<\/a>. In Switzerland, it is present in Geneva as well as in the canton of Vaud and Valais. Rather productive grape variety, it will require more control in the vineyard.<br \/>\nLes grappes de Gamay sont en g\u00e9n\u00e9ral assez grandes mais les baies sont de taille moyenne.<br \/>\nIt will give fruity and warm wines.<br \/>\nIn Geneva, it represents a total surface area of 368 ha or 27.5% of the vineyard.<\/p>\n<p><strong>Tasting:<\/strong><br \/>\nNose: the dominant is red fruit with notes of blackcurrant and raspberry.<br \/>\nPalate: balanced and fresh, the mouth reminds us of the red fruit aromas felt on the nose.<\/p>\n<p><strong>Food and wine pairing:<\/strong> Gamay as we vinify it lends itself well to summer aperitifs. It is often recommended to accompany cold meats, cochonaille or terrines and p\u00e2t\u00e9s.<\/p>\n","protected":false},"excerpt":{"rendered":"<p class=\"s1\">The Gamay is a grape of French origin, mainly grown in the Beaujolais region. \u00a0 It \u00a0comes from a cross between Pinot Noir and Gouais . In Switzerland, it is present in Geneva as well as Vaud and Valais. \u00a0A rather productive vine, it requires more work in the vineyard to control its growth. Clusters of Gamay are usually quite large but the berries are of medium size. It\u00a0produces warm and fruity wines. In Geneva, Gamay represents a total area of 368 ha or 27.5% of the all vineyard area.<\/p>\n<p class=\"s1\"><strong>Tasting:<\/strong><br \/>\nBouquet: \u00a0Red fruit is dominant with notes of blackcurrant and raspberry.<br \/>\nPalate: Well balanced and fresh in the mouth it recalls the aromas of red fruit experienced in the bouquet.<\/p>\n<p class=\"s1\"><strong>Accompagnies:<\/strong><br \/>\nGamay produced in our style of vinification lends itself well to summer aperatifs. \u00a0It is often drunk with charcuterie, or terrines and p\u00e2t\u00e9s.<\/p>\n","protected":false},"featured_media":33592,"template":"","meta":{"_et_pb_use_builder":"off","_et_pb_old_content":"<strong>Description:<\/strong>\nGamay is a grape variety of French origin planted mainly in the Beaujolais region. It is a cross between Pinot noir and <a href=\"https:\/\/fr.wikipedia.org\/wiki\/Gouais\" target=\"_blank\" rel=\"noopener noreferrer\">Gouais<\/a>. In Switzerland, it is present in Geneva as well as in the canton of Vaud and Valais. Rather productive grape variety, it will require more control in the vineyard.\nLes grappes de Gamay sont en g\u00e9n\u00e9ral assez grandes mais les baies sont de taille moyenne.\nIt will give fruity and warm wines.\nIn Geneva, it represents a total surface area of 368 ha or 27.5% of the vineyard.\n\n<strong>Tasting:<\/strong>\nNose: the dominant is red fruit with notes of blackcurrant and raspberry.\nPalate: balanced and fresh, the mouth reminds us of the red fruit aromas felt on the nose.\n\n<strong>Food and wine pairing:<\/strong>\nLe Gamay tel que nous le vinifions se pr\u00eate bien aux ap\u00e9ritifs d'\u00e9t\u00e9. It is often recommended to accompany cold meats, cochonaille or terrines and p\u00e2t\u00e9s.\n\n<strong>Consumption temperature:<\/strong>\n17 degr\u00e9s C. Peut \u00e9galement \u00eatre servi l\u00e9g\u00e8rement plus frais.\n\n<strong>Conservation:<\/strong>\nOptimum: 2 years.\nRecommended maximum: 4 years\n\n<strong>Available cases:<\/strong>\n35cl. ; 50cl. ; 70cl.\n\n<strong>Packaging:<\/strong>\n35cl. In: Cartons of 12 bottles, screw cap.\n50cl. In: Cartons of 12 bottles, screw cap.\n70cl. : Cartons de 6 bouteilles, bouchon li\u00e8ge","_et_gb_content_width":""},"product_brand":[],"product_cat":[222],"product_tag":[],"class_list":{"0":"post-33838","1":"product","2":"type-product","3":"status-publish","4":"has-post-thumbnail","6":"product_cat-red-wines","8":"first","9":"instock","10":"taxable","11":"shipping-taxable","12":"purchasable","13":"product-type-variable","14":"has-default-attributes"},"aioseo_notices":[],"_links":{"self":[{"href":"https:\/\/www.les-faunes.ch\/en\/wp-json\/wp\/v2\/product\/33838","targetHints":{"allow":["GET"]}}],"collection":[{"href":"https:\/\/www.les-faunes.ch\/en\/wp-json\/wp\/v2\/product"}],"about":[{"href":"https:\/\/www.les-faunes.ch\/en\/wp-json\/wp\/v2\/types\/product"}],"wp:featuredmedia":[{"embeddable":true,"href":"https:\/\/www.les-faunes.ch\/en\/wp-json\/wp\/v2\/media\/33592"}],"wp:attachment":[{"href":"https:\/\/www.les-faunes.ch\/en\/wp-json\/wp\/v2\/media?parent=33838"}],"wp:term":[{"taxonomy":"product_brand","embeddable":true,"href":"https:\/\/www.les-faunes.ch\/en\/wp-json\/wp\/v2\/product_brand?post=33838"},{"taxonomy":"product_cat","embeddable":true,"href":"https:\/\/www.les-faunes.ch\/en\/wp-json\/wp\/v2\/product_cat?post=33838"},{"taxonomy":"product_tag","embeddable":true,"href":"https:\/\/www.les-faunes.ch\/en\/wp-json\/wp\/v2\/product_tag?post=33838"}],"curies":[{"name":"wp","href":"https:\/\/api.w.org\/{rel}","templated":true}]}}