{"id":34076,"date":"2016-05-14T09:27:05","date_gmt":"2016-05-14T07:27:05","guid":{"rendered":"https:\/\/www.les-faunes.ch\/nos-vins\/chasselas\/"},"modified":"2025-11-10T10:40:18","modified_gmt":"2025-11-10T09:40:18","slug":"chasselas","status":"publish","type":"product","link":"https:\/\/www.les-faunes.ch\/en\/our-wines\/chasselas\/","title":{"rendered":"Chasselas Les Faunes"},"content":{"rendered":"<p>Chasselas is native to M\u00e2connais. This grape is the most cultivated in Switzerland, its winemaking is difficult but exciting.<br \/>\nPlanted in Dardagny and Geneva since the dawn of time, it produces fresh, fruity and floral wines.<br \/>\nIt is ideal as an aperitif but also traditionally accompanies our fondues and raclettes.<\/p>\n<p>Its freshness and lightness have often given it the reputation of &#8220;wine of thirst&#8221; but it is without counting on its great finesse.<\/p>\n<p><strong>D\u00e9gustation :<\/strong> Au nez : ce Chasselas est caract\u00e9ris\u00e9 par une dominante fruit\u00e9e. Palate : Crisp and slightly acidic, with the mild sparkling characteristic of Chasselas wine.<\/p>\n<p><strong>Accord mets-vins :<\/strong> Frais et l\u00e9ger il est le vin id\u00e9al des ap\u00e9ritifs. However, it is indispensible for the classic Swiss cheese dishes fondue and raclette, as well as smoked meat dishes. Also goes well with freshwater fish and light seafood.<\/p>\n","protected":false},"excerpt":{"rendered":"<p>Chasselas is native to M\u00e2connais. This grape is the most cultivated in Switzerland, its winemaking is difficult but exciting.<\/p>\n<p>Planted in Dardagny and Geneva since the dawn of time, it produces fresh, fruity and floral wines.<\/p>\n<p>It is ideal as an aperitif but also traditionally accompanies our fondues and raclettes. Its freshness and lightness have often given it the reputation of &#8220;wine of thirst&#8221; but it is without counting on its great finesse.<\/p>\n<p><strong>Tasting:<\/strong><br \/>\nBouquet: This Chasselas has dominant fruit aromas.<br \/>\nPalate : Crisp and slightly acidic, with the mild sparkling characteristic of Chasselas wine.<\/p>\n<p><strong>Food and wine pairing:<\/strong><br \/>\nCrisp and light, it makes an ideal aperitif wine. However, it is indispensible for the classic Swiss cheese dishes fondue and raclette, as well as smoked meat dishes. Also goes well with freshwater fish and light seafood.<\/p>\n","protected":false},"featured_media":29635,"template":"","meta":{"_et_pb_use_builder":"off","_et_pb_old_content":"Chasselas is native to M\u00e2connais. This grape is the most cultivated in Switzerland, its winemaking is difficult but exciting.\n\nPlanted in Dardagny and Geneva since the dawn of time, it produces fresh, fruity and floral wines.\n\nIt is ideal as an aperitif but also traditionally accompanies our fondues and raclettes. Its freshness and lightness have often given it the reputation of \"wine of thirst\" but it is without counting on its great finesse.\n\n<strong>Tasting:<\/strong>\nBouquet: This Chasselas has dominant fruit aromas.\nPalate : Crisp and slightly acidic, with the mild sparkling characteristic of Chasselas wine.\n\n<strong>Food and wine pairing:<\/strong>\nCrisp and light, it makes an ideal aperitif wine. However, it is indispensible for the classic Swiss cheese dishes fondue and raclette, as well as smoked meat dishes. Also goes well with freshwater fish and light seafood.","_et_gb_content_width":""},"product_brand":[],"product_cat":[219],"product_tag":[],"class_list":{"0":"post-34076","1":"product","2":"type-product","3":"status-publish","4":"has-post-thumbnail","6":"product_cat-white-wines","8":"first","9":"instock","10":"taxable","11":"shipping-taxable","12":"purchasable","13":"product-type-variable","14":"has-default-attributes"},"aioseo_notices":[],"_links":{"self":[{"href":"https:\/\/www.les-faunes.ch\/en\/wp-json\/wp\/v2\/product\/34076","targetHints":{"allow":["GET"]}}],"collection":[{"href":"https:\/\/www.les-faunes.ch\/en\/wp-json\/wp\/v2\/product"}],"about":[{"href":"https:\/\/www.les-faunes.ch\/en\/wp-json\/wp\/v2\/types\/product"}],"wp:featuredmedia":[{"embeddable":true,"href":"https:\/\/www.les-faunes.ch\/en\/wp-json\/wp\/v2\/media\/29635"}],"wp:attachment":[{"href":"https:\/\/www.les-faunes.ch\/en\/wp-json\/wp\/v2\/media?parent=34076"}],"wp:term":[{"taxonomy":"product_brand","embeddable":true,"href":"https:\/\/www.les-faunes.ch\/en\/wp-json\/wp\/v2\/product_brand?post=34076"},{"taxonomy":"product_cat","embeddable":true,"href":"https:\/\/www.les-faunes.ch\/en\/wp-json\/wp\/v2\/product_cat?post=34076"},{"taxonomy":"product_tag","embeddable":true,"href":"https:\/\/www.les-faunes.ch\/en\/wp-json\/wp\/v2\/product_tag?post=34076"}],"curies":[{"name":"wp","href":"https:\/\/api.w.org\/{rel}","templated":true}]}}