{"id":34163,"date":"2016-06-20T18:54:44","date_gmt":"2016-06-20T16:54:44","guid":{"rendered":"https:\/\/www.les-faunes.ch\/nos-vins\/pinot-gris\/"},"modified":"2025-11-10T10:38:02","modified_gmt":"2025-11-10T09:38:02","slug":"pinot-gris","status":"publish","type":"product","link":"https:\/\/www.les-faunes.ch\/en\/our-wines\/pinot-gris\/","title":{"rendered":"Pinot Gris"},"content":{"rendered":"<p>Mutation of Pinot Noir, is called &#8220;Rulander&#8221; in Germany, &#8220;Malvoisie&#8221; in Valais, formerly &#8220;Tokay&#8221; in Alsace, &#8220;Grey Monk&#8221; in Hungary. It has been present in Geneva since the 1980s, where it gives excellent results. It takes its name from the colour of its berries, which mature to a grey\/pink hue. It can be vinified in both dry and fluffy wine (residual sugar). We chose to vinify it dry for freshness.<\/p>\n<p><strong>Tasting:<br \/>\n<\/strong> Nose: the dominant aromas are quince or honey.<br \/>\nPalate: there are quince aromas. It&#8217;s rich and generous wine. Very supple and fleshy, it is in the mouth that it expresses all its richness.<\/p>\n<p><strong>Wine and food pairing:<\/strong> ideal as an aperitif wine, it will be great with foie gras or fresh salmon.<\/p>\n","protected":false},"excerpt":{"rendered":"<p>Mutation of Pinot Noir, is called &#8220;Rulander&#8221; in Germany, &#8220;Malvoisie&#8221; in Valais, formerly &#8220;Tokay&#8221; in Alsace, &#8220;Grey Monk&#8221; in Hungary. It has been present in Geneva since the 1980s, where it gives excellent results. It takes its name from the colour of its berries, which mature to a grey\/pink hue. It can be vinified in both dry and fluffy wine (residual sugar). We chose to vinify it dry for freshness.<\/p>\n<p><strong>Tasting:<\/strong><br \/>\nOn the nose: the dominant aromas are quince or honey.<br \/>\nOn the palate: there are quince aromas. It&#8217;s rich and generous wine. Very supple and fleshy, it is in the mouth that it expresses all its richness.<\/p>\n<p><strong>Food and wine pairing:<\/strong><br \/>\nSumptuous as an aperitif it can accompany foie gras or fresh salmon with gusto.<\/p>\n","protected":false},"featured_media":33570,"template":"","meta":{"_et_pb_use_builder":"off","_et_pb_old_content":"<strong>Description :<\/strong> Mutation of Pinot Noir, is called \"Rul\u00e4nder\" in Germany, \"Malvoisie\" in Valais, formerly \"Tokay\" in Alsace, \"Moine gris\" in Hungary. It has been present in Geneva since the 1980s, where it gives excellent results. It takes its name from the colour of its berries, which mature to a grey\/pink hue. It can be vinified in both dry and fluffy wine (residual sugar). We chose to vinify it dry for more freshness. <strong>Tasting:<\/strong> Nose: the dominant aromas are quince or honey. Palate: there are quince aromas. It's rich and generous wine. Tr\u00e8s souple et charnu, c'est en bouche qu'il exprime toute sa richesse. <strong>Accord mets-vins :<\/strong> Somptueux \u00e0 l'ap\u00e9ritif il peut accompagner un foie gras ou un saumon frais avec brio. <strong>Temp\u00e9rature de consommation :<\/strong> 10-12 degr\u00e9s C. <strong>Conservation :<\/strong> Optimum : 1 ann\u00e9e de bouteille. Recommended maximum: 3-4 years, evt. more depending on the vintage. <strong>Available contents :<\/strong> 35cl. ; 50cl. ; 70cl. <strong>Conditionnement :<\/strong> 35cl. In: Cartons of 12 bottles, screw cap. 50cl. In: Cartons of 12 bottles, screw cap. 70cl. : Cartons of 6 bottles, cork.","_et_gb_content_width":""},"product_brand":[],"product_cat":[219],"product_tag":[],"class_list":{"0":"post-34163","1":"product","2":"type-product","3":"status-publish","4":"has-post-thumbnail","6":"product_cat-white-wines","8":"first","9":"instock","10":"taxable","11":"shipping-taxable","12":"purchasable","13":"product-type-variable","14":"has-default-attributes"},"aioseo_notices":[],"_links":{"self":[{"href":"https:\/\/www.les-faunes.ch\/en\/wp-json\/wp\/v2\/product\/34163","targetHints":{"allow":["GET"]}}],"collection":[{"href":"https:\/\/www.les-faunes.ch\/en\/wp-json\/wp\/v2\/product"}],"about":[{"href":"https:\/\/www.les-faunes.ch\/en\/wp-json\/wp\/v2\/types\/product"}],"wp:featuredmedia":[{"embeddable":true,"href":"https:\/\/www.les-faunes.ch\/en\/wp-json\/wp\/v2\/media\/33570"}],"wp:attachment":[{"href":"https:\/\/www.les-faunes.ch\/en\/wp-json\/wp\/v2\/media?parent=34163"}],"wp:term":[{"taxonomy":"product_brand","embeddable":true,"href":"https:\/\/www.les-faunes.ch\/en\/wp-json\/wp\/v2\/product_brand?post=34163"},{"taxonomy":"product_cat","embeddable":true,"href":"https:\/\/www.les-faunes.ch\/en\/wp-json\/wp\/v2\/product_cat?post=34163"},{"taxonomy":"product_tag","embeddable":true,"href":"https:\/\/www.les-faunes.ch\/en\/wp-json\/wp\/v2\/product_tag?post=34163"}],"curies":[{"name":"wp","href":"https:\/\/api.w.org\/{rel}","templated":true}]}}